{"id":22964,"date":"2025-09-12T15:40:48","date_gmt":"2025-09-12T13:40:48","guid":{"rendered":"https:\/\/bertheas.com\/?page_id=22964"},"modified":"2026-01-16T16:54:53","modified_gmt":"2026-01-16T15:54:53","slug":"unsere-geschichte","status":"publish","type":"page","link":"https:\/\/bertheas.com\/de\/unsere-geschichte\/","title":{"rendered":"Unsere Geschichte"},"content":{"rendered":"<p>[et_pb_section fb_built=&#8220;1&#8243; admin_label=&#8220;notre histoire&#8220; module_id=&#8220;\u00fcber uns&#8220; _builder_version=&#8220;4.17.4&#8243; _module_preset=&#8220;default&#8220; collapsed=&#8220;off&#8220; global_colors_info=&#8220;{}&#8220;][et_pb_row _builder_version=&#8220;4.17.4&#8243; _module_preset=&#8220;default&#8220; custom_padding=&#8220;||0px||false|false&#8220; global_colors_info=&#8220;{}&#8220;][et_pb_column type=&#8220;4_4&#8243; _builder_version=&#8220;4.17.4&#8243; _module_preset=&#8220;default&#8220; global_colors_info=&#8220;{}&#8220;][et_pb_text _builder_version=&#8220;4.18.0&#8243; _module_preset=&#8220;default&#8220; global_colors_info=&#8220;{}&#8220;]<\/p>\n<h1>Unsere Geschichte<\/h1>\n<p>[\/et_pb_text][et_pb_divider color=&#8220;#E15F33&#8243; divider_weight=&#8220;3px&#8220; _builder_version=&#8220;4.27.4&#8243; _module_preset=&#8220;default&#8220; width=&#8220;122px&#8220; module_alignment=&#8220;left&#8220; global_module=&#8220;1446&#8243; saved_tabs=&#8220;all&#8220; global_colors_info=&#8220;{}&#8220;][\/et_pb_divider][\/et_pb_column][\/et_pb_row][et_pb_row _builder_version=&#8220;4.19.4&#8243; _module_preset=&#8220;default&#8220; global_colors_info=&#8220;{}&#8220;][et_pb_column type=&#8220;4_4&#8243; _builder_version=&#8220;4.19.4&#8243; _module_preset=&#8220;default&#8220; global_colors_info=&#8220;{}&#8220;][et_pb_video src=&#8220;https:\/\/bertheas.com\/wp-content\/uploads\/2023\/01\/Bertheas.mp4&#8243; image_src=&#8220;https:\/\/bertheas.com\/wp-content\/uploads\/2024\/12\/Sequence-01.00_01_32_20.Still002.jpg&#8220; play_icon_color=&#8220;#FFFFFF&#8220; font_icon=&#8220;\uf04b||fa||900&#8243; use_icon_font_size=&#8220;on&#8220; icon_font_size=&#8220;120px&#8220; thumbnail_overlay_color=&#8220;rgba(20,68,135,0.6)&#8220; _builder_version=&#8220;4.27.4&#8243; _module_preset=&#8220;default&#8220; global_colors_info=&#8220;{}&#8220;][\/et_pb_video][\/et_pb_column][\/et_pb_row][et_pb_row column_structure=&#8220;1_2,1_2&#8243; make_equal=&#8220;on&#8220; _builder_version=&#8220;4.27.4&#8243; _module_preset=&#8220;default&#8220; custom_margin=&#8220;33px||33px||true|false&#8220; custom_css_main_element=&#8220;align-items:center;&#8220; global_colors_info=&#8220;{}&#8220;][et_pb_column type=&#8220;1_2&#8243; _builder_version=&#8220;4.17.4&#8243; _module_preset=&#8220;default&#8220; global_colors_info=&#8220;{}&#8220;][et_pb_text _builder_version=&#8220;4.27.4&#8243; _module_preset=&#8220;default&#8220; global_colors_info=&#8220;{}&#8220;]<\/p>\n<h4>Berth\u00e9as, franz\u00f6sischer Experte f\u00fcr elastische und technische Gewebe<\/h4>\n<p>Seit 1929 entwickelt und produziert Berth\u00e9as in Saint-Chamond im Departement Loire ma\u00dfgeschneiderte elastische und<br \/>technische Gewebe. Auf einer Fl\u00e4che von 7<br \/>800 m\u00b2 vereint unser 60-k\u00f6pfiges Team Fachkompetenz, Innovationskraft und<br \/>hohe Qualit\u00e4tsanspr\u00fcche. <\/p>\n<h4>Anerkanntes Know-how<\/h4>\n<p>Urspr\u00fcnglich auf Textilien f\u00fcr medizinische und<br \/>orthop\u00e4dische Zwecke spezialisiert, hat das Unternehmen seine Kompetenzen diversifiziert, um<br \/>den Anforderungen zahlreicher Industriezweige gerecht zu werden.[\/et_pb_text][\/et_pb_column][et_pb_column type=&#8220;1_2&#8243; _builder_version=&#8220;4.17.4&#8243; _module_preset=&#8220;default&#8220; global_colors_info=&#8220;{}&#8220;][et_pb_image src=&#8220;https:\/\/bertheas.com\/wp-content\/uploads\/2022\/06\/Bertheas-ancienne-usine1.jpg&#8220; title_text=&#8220;Berth\u00e9as-ehemaliger-Werk1&#8243; _builder_version=&#8220;4.17.4&#8243; _module_preset=&#8220;default&#8220; global_colors_info=&#8220;{}&#8220;][\/et_pb_image][\/et_pb_column][\/et_pb_row][et_pb_row column_structure=&#8220;1_2,1_2&#8243; make_equal=&#8220;on&#8220; _builder_version=&#8220;4.27.4&#8243; _module_preset=&#8220;default&#8220; custom_margin=&#8220;33px||33px||true|false&#8220; custom_css_main_element=&#8220;align-items:center;&#8220; global_colors_info=&#8220;{}&#8220;][et_pb_column type=&#8220;1_2&#8243; _builder_version=&#8220;4.17.4&#8243; _module_preset=&#8220;default&#8220; global_colors_info=&#8220;{}&#8220;][et_pb_image src=&#8220;https:\/\/bertheas.com\/wp-content\/uploads\/2022\/06\/bertheas_usine_exterieur_567x340.jpg&#8220; alt=&#8220;bertheas_usine_exterieur_567x340&#8243; title_text=&#8220;Usine-Machine-6&#8243; _builder_version=&#8220;4.17.4&#8243; _module_preset=&#8220;default&#8220; global_colors_info=&#8220;{}&#8220;][\/et_pb_image][\/et_pb_column][et_pb_column type=&#8220;1_2&#8243; _builder_version=&#8220;4.17.4&#8243; _module_preset=&#8220;default&#8220; global_colors_info=&#8220;{}&#8220;][et_pb_text _builder_version=&#8220;4.27.4&#8243; _module_preset=&#8220;default&#8220; global_colors_info=&#8220;{}&#8220;]<\/p>\n<h4>Ein f\u00fchrender europ\u00e4ischer Akteur<\/h4>\n<p>Dank seiner Kompetenz im Bereich ma\u00dfgeschneiderter elastischer Jacquardstoffe und<br \/>kontinuierlicher Investitionen ist Berth\u00e9as heute einer der europ\u00e4ischen Marktf\u00fchrer<br \/>f\u00fcr technische elastische B\u00e4nder.<\/p>\n<h4>Kontinuierliche Innovation<\/h4>\n<p>Innovation steht im Mittelpunkt unseres Handelns. Regelm\u00e4\u00dfig angemeldete Patente<br \/>belegen unsere F\u00e4higkeit, Marktentwicklungen zu antizipieren<br \/>und leistungsstarke und nachhaltige Textill\u00f6sungen zu entwickeln.[\/et_pb_text][\/et_pb_column][\/et_pb_row][\/et_pb_section][et_pb_section fb_built=&#8220;1&#8243; _builder_version=&#8220;4.27.4&#8243; _module_preset=&#8220;default&#8220; global_module=&#8220;9622&#8243; saved_tabs=&#8220;all&#8220; global_colors_info=&#8220;{}&#8220;][et_pb_row column_structure=&#8220;1_3,1_3,1_3&#8243; make_equal=&#8220;on&#8220; admin_label=&#8220;Ligne&#8220; _builder_version=&#8220;4.27.4&#8243; _module_preset=&#8220;default&#8220; global_colors_info=&#8220;{}&#8220;][et_pb_column type=&#8220;1_3&#8243; _builder_version=&#8220;4.27.4&#8243; _module_preset=&#8220;default&#8220; background_color=&#8220;RGBA(255,255,255,0)&#8220; custom_padding=&#8220;|11px|16px|11px|false|true&#8220; animation_style=&#8220;fade&#8220; link_option_url=&#8220;\/#&#8220; border_radii=&#8220;on|9px|9px|9px|9px&#8220; box_shadow_style=&#8220;preset3&#8243; global_colors_info=&#8220;{}&#8220; box_shadow_blur__hover_enabled=&#8220;on|hover&#8220; box_shadow_blur__hover=&#8220;9px&#8220; transform_styles__hover_enabled=&#8220;on|hover&#8220; transform_scale__hover_enabled=&#8220;on|hover&#8220; transform_translate__hover_enabled=&#8220;on|desktop&#8220; transform_rotate__hover_enabled=&#8220;on|desktop&#8220; transform_skew__hover_enabled=&#8220;on|desktop&#8220; transform_origin__hover_enabled=&#8220;on|desktop&#8220; transform_scale__hover=&#8220;109%|109%&#8220;][et_pb_image src=&#8220;https:\/\/bertheas.com\/wp-content\/uploads\/2025\/09\/BERTHEAS_picto_co-conception_x160.png&#8220; alt=&#8220;BERTHEAS_home_medical_x610&#8243; title_text=&#8220;BERTHEAS_picto_co-conception_x160&#8243; show_bottom_space=&#8220;off&#8220; align=&#8220;center&#8220; admin_label=&#8220;cat medical&#8220; _builder_version=&#8220;4.27.4&#8243; _module_preset=&#8220;default&#8220; global_colors_info=&#8220;{}&#8220;][\/et_pb_image][et_pb_text _builder_version=&#8220;4.27.4&#8243; _module_preset=&#8220;default&#8220; text_orientation=&#8220;center&#8220; global_colors_info=&#8220;{}&#8220;]<\/p>\n<h3>Gemeinsame Entwicklung<\/h3>\n<p>Bedarfsanalyse und Lastenheft[\/et_pb_text][\/et_pb_column][et_pb_column type=&#8220;1_3&#8243; _builder_version=&#8220;4.27.4&#8243; _module_preset=&#8220;default&#8220; background_color=&#8220;RGBA(255,255,255,0)&#8220; custom_padding=&#8220;|11px|16px|11px|false|true&#8220; animation_style=&#8220;fade&#8220; link_option_url=&#8220;\/#&#8220; border_radii=&#8220;on|9px|9px|9px|9px&#8220; box_shadow_style=&#8220;preset3&#8243; global_colors_info=&#8220;{}&#8220; box_shadow_blur__hover=&#8220;9px&#8220; box_shadow_blur__hover_enabled=&#8220;on|hover&#8220; transform_styles__hover_enabled=&#8220;on|hover&#8220; transform_scale__hover=&#8220;109%|109%&#8220; transform_scale__hover_enabled=&#8220;on|hover&#8220; transform_translate__hover_enabled=&#8220;on|desktop&#8220; transform_rotate__hover_enabled=&#8220;on|desktop&#8220; transform_skew__hover_enabled=&#8220;on|desktop&#8220; transform_origin__hover_enabled=&#8220;on|desktop&#8220;][et_pb_image src=&#8220;https:\/\/bertheas.com\/wp-content\/uploads\/2025\/09\/BERTHEAS_picto_rd_x160.png&#8220; alt=&#8220;BERTHEAS_home_medical_x610&#8243; title_text=&#8220;BERTHEAS_picto_co-conception_x160&#8243; show_bottom_space=&#8220;off&#8220; align=&#8220;center&#8220; admin_label=&#8220;cat souss-vetement&#8220; _builder_version=&#8220;4.27.4&#8243; _module_preset=&#8220;default&#8220; global_colors_info=&#8220;{}&#8220;][\/et_pb_image][et_pb_text _builder_version=&#8220;4.27.4&#8243; _module_preset=&#8220;default&#8220; text_orientation=&#8220;center&#8220; global_colors_info=&#8220;{}&#8220;]<\/p>\n<h3>Forschung &amp; Entwicklung<\/h3>\n<p>Bedarfsanalyse und Lastenheft, Forschung &amp; Entwicklung, Know-how, Patente, Marktbeobachtung, Prototypenentwicklung, mechanische Tests &amp; \u00d6kodesign<\/p>\n<p>[\/et_pb_text][\/et_pb_column][et_pb_column type=&#8220;1_3&#8243; _builder_version=&#8220;4.27.4&#8243; _module_preset=&#8220;default&#8220; background_color=&#8220;RGBA(255,255,255,0)&#8220; custom_padding=&#8220;|11px|16px|11px|false|true&#8220; animation_style=&#8220;fade&#8220; link_option_url=&#8220;\/#&#8220; border_radii=&#8220;on|9px|9px|9px|9px&#8220; box_shadow_style=&#8220;preset3&#8243; global_colors_info=&#8220;{}&#8220; box_shadow_blur__hover=&#8220;9px&#8220; box_shadow_blur__hover_enabled=&#8220;on|hover&#8220; transform_styles__hover_enabled=&#8220;on|hover&#8220; transform_scale__hover=&#8220;109%|109%&#8220; transform_scale__hover_enabled=&#8220;on|hover&#8220; transform_translate__hover_enabled=&#8220;on|desktop&#8220; transform_rotate__hover_enabled=&#8220;on|desktop&#8220; transform_skew__hover_enabled=&#8220;on|desktop&#8220; transform_origin__hover_enabled=&#8220;on|desktop&#8220;][et_pb_image src=&#8220;https:\/\/bertheas.com\/wp-content\/uploads\/2025\/09\/BERTHEAS_picto_fabrication_x160.png&#8220; alt=&#8220;BERTHEAS_home_medical_x610&#8243; title_text=&#8220;BERTHEAS_picto_co-conception_x160&#8243; show_bottom_space=&#8220;off&#8220; align=&#8220;center&#8220; admin_label=&#8220;cat sport tech&#8220; _builder_version=&#8220;4.27.4&#8243; _module_preset=&#8220;default&#8220; global_colors_info=&#8220;{}&#8220;][\/et_pb_image][et_pb_text _builder_version=&#8220;4.27.4&#8243; _module_preset=&#8220;default&#8220; text_orientation=&#8220;center&#8220; global_colors_info=&#8220;{}&#8220;]<\/p>\n<h3>Herstellung<\/h3>\n<p>Kettsch\u00e4ren, Weben und Veredelung[\/et_pb_text][\/et_pb_column][\/et_pb_row][et_pb_row column_structure=&#8220;1_3,1_3,1_3&#8243; make_equal=&#8220;on&#8220; admin_label=&#8220;Ligne&#8220; _builder_version=&#8220;4.27.4&#8243; _module_preset=&#8220;default&#8220; global_colors_info=&#8220;{}&#8220;][et_pb_column type=&#8220;1_3&#8243; _builder_version=&#8220;4.27.4&#8243; _module_preset=&#8220;default&#8220; background_color=&#8220;RGBA(255,255,255,0)&#8220; custom_padding=&#8220;|11px|16px|11px|false|true&#8220; animation_style=&#8220;fade&#8220; link_option_url=&#8220;\/#&#8220; border_radii=&#8220;on|9px|9px|9px|9px&#8220; box_shadow_style=&#8220;preset3&#8243; global_colors_info=&#8220;{}&#8220; box_shadow_blur__hover_enabled=&#8220;on|hover&#8220; box_shadow_blur__hover=&#8220;9px&#8220; transform_styles__hover_enabled=&#8220;on|hover&#8220; transform_scale__hover=&#8220;109%|109%&#8220; transform_scale__hover_enabled=&#8220;on|hover&#8220; transform_translate__hover_enabled=&#8220;on|desktop&#8220; transform_rotate__hover_enabled=&#8220;on|desktop&#8220; transform_skew__hover_enabled=&#8220;on|desktop&#8220; transform_origin__hover_enabled=&#8220;on|desktop&#8220;][et_pb_image src=&#8220;https:\/\/bertheas.com\/wp-content\/uploads\/2025\/09\/BERTHEAS_picto_reseau_partenaires_x160.png&#8220; alt=&#8220;BERTHEAS_home_medical_x610&#8243; title_text=&#8220;BERTHEAS_picto_co-conception_x160&#8243; show_bottom_space=&#8220;off&#8220; align=&#8220;center&#8220; admin_label=&#8220;cat medical&#8220; _builder_version=&#8220;4.27.4&#8243; _module_preset=&#8220;default&#8220; global_colors_info=&#8220;{}&#8220;][\/et_pb_image][et_pb_text _builder_version=&#8220;4.27.4&#8243; _module_preset=&#8220;default&#8220; text_orientation=&#8220;center&#8220; global_colors_info=&#8220;{}&#8220;]<\/p>\n<h3>Partnernetzwerk<\/h3>\n<p>Ein kooperativesund reaktionsschnelles Netzwerk lokaler Partner[\/et_pb_text][\/et_pb_column][et_pb_column type=&#8220;1_3&#8243; _builder_version=&#8220;4.27.4&#8243; _module_preset=&#8220;default&#8220; background_color=&#8220;RGBA(255,255,255,0)&#8220; custom_padding=&#8220;|11px|16px|11px|false|true&#8220; animation_style=&#8220;fade&#8220; link_option_url=&#8220;\/#&#8220; border_radii=&#8220;on|9px|9px|9px|9px&#8220; box_shadow_style=&#8220;preset3&#8243; global_colors_info=&#8220;{}&#8220; box_shadow_blur__hover=&#8220;9px&#8220; box_shadow_blur__hover_enabled=&#8220;on|hover&#8220; transform_styles__hover_enabled=&#8220;on|hover&#8220; transform_scale__hover=&#8220;109%|109%&#8220; transform_scale__hover_enabled=&#8220;on|hover&#8220; transform_translate__hover_enabled=&#8220;on|desktop&#8220; transform_rotate__hover_enabled=&#8220;on|desktop&#8220; transform_skew__hover_enabled=&#8220;on|desktop&#8220; transform_origin__hover_enabled=&#8220;on|desktop&#8220;][et_pb_image src=&#8220;https:\/\/bertheas.com\/wp-content\/uploads\/2025\/09\/BERTHEAS_picto_engagement_social_environnemental_x160-1.png&#8220; alt=&#8220;BERTHEAS_home_medical_x610&#8243; title_text=&#8220;BERTHEAS_picto_engagement_social_environnemental_x160&#8243; show_bottom_space=&#8220;off&#8220; align=&#8220;center&#8220; admin_label=&#8220;cat souss-vetement&#8220; _builder_version=&#8220;4.27.4&#8243; _module_preset=&#8220;default&#8220; global_colors_info=&#8220;{}&#8220;][\/et_pb_image][et_pb_text _builder_version=&#8220;4.27.4&#8243; _module_preset=&#8220;default&#8220; text_orientation=&#8220;center&#8220; global_colors_info=&#8220;{}&#8220;]<\/p>\n<h3>Soziales und \u00f6kologisches Engagement<\/h3>\n<p>Zertifizierungen, Auszeichnungen und Initiativen<br \/>Verbesserung[\/et_pb_text][\/et_pb_column][et_pb_column type=&#8220;1_3&#8243; _builder_version=&#8220;4.27.4&#8243; _module_preset=&#8220;default&#8220; background_color=&#8220;RGBA(255,255,255,0)&#8220; custom_padding=&#8220;|11px|16px|11px|false|true&#8220; animation_style=&#8220;fade&#8220; link_option_url=&#8220;\/#&#8220; border_radii=&#8220;on|9px|9px|9px|9px&#8220; box_shadow_style=&#8220;preset3&#8243; global_colors_info=&#8220;{}&#8220; box_shadow_blur__hover=&#8220;9px&#8220; box_shadow_blur__hover_enabled=&#8220;on|hover&#8220; transform_styles__hover_enabled=&#8220;on|hover&#8220; transform_scale__hover=&#8220;109%|109%&#8220; transform_scale__hover_enabled=&#8220;on|hover&#8220; transform_translate__hover_enabled=&#8220;on|desktop&#8220; transform_rotate__hover_enabled=&#8220;on|desktop&#8220; transform_skew__hover_enabled=&#8220;on|desktop&#8220; transform_origin__hover_enabled=&#8220;on|desktop&#8220;][et_pb_image src=&#8220;https:\/\/bertheas.com\/wp-content\/uploads\/2025\/09\/BERTHEAS_picto_amelioration_x160-1.png&#8220; alt=&#8220;BERTHEAS_home_medical_x610&#8243; title_text=&#8220;BERTHEAS_picto_Verbessung_x160&#8243; show_bottom_space=&#8220;off&#8220; align=&#8220;center&#8220; admin_label=&#8220;cat sport tech&#8220; _builder_version=&#8220;4.27.4&#8243; _module_preset=&#8220;default&#8220; global_colors_info=&#8220;{}&#8220;][\/et_pb_image][et_pb_text _builder_version=&#8220;4.27.4&#8243; _module_preset=&#8220;default&#8220; text_orientation=&#8220;center&#8220; global_colors_info=&#8220;{}&#8220;]<\/p>\n<h3>Verbesserung<\/h3>\n<p>Nachbetreuung, Nachhaltigkeit und Leistung[\/et_pb_text][\/et_pb_column][\/et_pb_row][\/et_pb_section]<\/p>\n","protected":false},"excerpt":{"rendered":"<p>Als franz\u00f6sischer Hersteller von elastischen und technischen Stoffen bietet Berth\u00e9as 40 Jahre Erfahrung mit ma\u00dfgeschneiderten Produkten.<\/p>\n","protected":false},"author":2,"featured_media":0,"parent":0,"menu_order":0,"comment_status":"closed","ping_status":"closed","template":"","meta":{"_et_pb_use_builder":"on","_et_pb_old_content":"","_et_gb_content_width":"","footnotes":""},"class_list":["post-22964","page","type-page","status-publish","hentry"],"yoast_head":"<!-- This site is optimized with the Yoast SEO plugin v27.5 - https:\/\/yoast.com\/product\/yoast-seo-wordpress\/ -->\n<title>Unsere Geschichte - Berth\u00e9as<\/title>\n<meta name=\"description\" content=\"Fabricant fran\u00e7ais de tissus \u00e9lastiques et techniques, Berth\u00e9as met \u00e0 votre service 40 ans d\u2019expertise pour des produits innovants, personnalis\u00e9s et adapt\u00e9s \u00e0 vos besoins.\" \/>\n<meta name=\"robots\" content=\"index, follow, max-snippet:-1, max-image-preview:large, max-video-preview:-1\" \/>\n<link rel=\"canonical\" href=\"https:\/\/bertheas.com\/de\/unsere-geschichte\/\" \/>\n<meta property=\"og:locale\" content=\"de_DE\" \/>\n<meta property=\"og:type\" content=\"article\" \/>\n<meta property=\"og:title\" content=\"Unsere Geschichte - Berth\u00e9as\" \/>\n<meta property=\"og:description\" content=\"Fabricant fran\u00e7ais de tissus \u00e9lastiques et techniques, Berth\u00e9as met \u00e0 votre service 40 ans d\u2019expertise pour des produits innovants, personnalis\u00e9s et adapt\u00e9s \u00e0 vos besoins.\" \/>\n<meta property=\"og:url\" content=\"https:\/\/bertheas.com\/de\/unsere-geschichte\/\" \/>\n<meta property=\"og:site_name\" content=\"Berth\u00e9as\" \/>\n<meta property=\"article:modified_time\" content=\"2026-01-16T15:54:53+00:00\" \/>\n<meta property=\"og:image\" content=\"https:\/\/bertheas.com\/wp-content\/uploads\/2022\/06\/logo-bertheas.png\" \/>\n\t<meta property=\"og:image:width\" content=\"175\" \/>\n\t<meta property=\"og:image:height\" content=\"90\" \/>\n\t<meta property=\"og:image:type\" content=\"image\/png\" \/>\n<meta name=\"twitter:card\" content=\"summary_large_image\" \/>\n<meta name=\"twitter:label1\" content=\"Gesch\u00e4tzte Lesezeit\" \/>\n\t<meta name=\"twitter:data1\" content=\"8\u00a0Minuten\" \/>\n<script type=\"application\/ld+json\" class=\"yoast-schema-graph\">{\"@context\":\"https:\\\/\\\/schema.org\",\"@graph\":[{\"@type\":\"WebPage\",\"@id\":\"https:\\\/\\\/bertheas.com\\\/de\\\/unsere-geschichte\\\/\",\"url\":\"https:\\\/\\\/bertheas.com\\\/de\\\/unsere-geschichte\\\/\",\"name\":\"Unsere Geschichte - Berth\u00e9as\",\"isPartOf\":{\"@id\":\"https:\\\/\\\/bertheas.com\\\/#website\"},\"datePublished\":\"2025-09-12T13:40:48+00:00\",\"dateModified\":\"2026-01-16T15:54:53+00:00\",\"description\":\"Fabricant fran\u00e7ais de tissus \u00e9lastiques et techniques, Berth\u00e9as met \u00e0 votre service 40 ans d\u2019expertise pour des produits innovants, personnalis\u00e9s et adapt\u00e9s \u00e0 vos besoins.\",\"breadcrumb\":{\"@id\":\"https:\\\/\\\/bertheas.com\\\/de\\\/unsere-geschichte\\\/#breadcrumb\"},\"inLanguage\":\"de\",\"potentialAction\":[{\"@type\":\"ReadAction\",\"target\":[\"https:\\\/\\\/bertheas.com\\\/de\\\/unsere-geschichte\\\/\"]}]},{\"@type\":\"BreadcrumbList\",\"@id\":\"https:\\\/\\\/bertheas.com\\\/de\\\/unsere-geschichte\\\/#breadcrumb\",\"itemListElement\":[{\"@type\":\"ListItem\",\"position\":1,\"name\":\"Accueil\",\"item\":\"https:\\\/\\\/bertheas.com\\\/de\\\/\"},{\"@type\":\"ListItem\",\"position\":2,\"name\":\"Unsere Geschichte\"}]},{\"@type\":\"WebSite\",\"@id\":\"https:\\\/\\\/bertheas.com\\\/#website\",\"url\":\"https:\\\/\\\/bertheas.com\\\/\",\"name\":\"Bertheas\",\"description\":\"Tissus \u00e9lastiques\",\"publisher\":{\"@id\":\"https:\\\/\\\/bertheas.com\\\/#organization\"},\"alternateName\":\"Bertheas, Fabricant de tissus \u00e9lastiques\",\"potentialAction\":[{\"@type\":\"SearchAction\",\"target\":{\"@type\":\"EntryPoint\",\"urlTemplate\":\"https:\\\/\\\/bertheas.com\\\/?s={search_term_string}\"},\"query-input\":{\"@type\":\"PropertyValueSpecification\",\"valueRequired\":true,\"valueName\":\"search_term_string\"}}],\"inLanguage\":\"de\"},{\"@type\":\"Organization\",\"@id\":\"https:\\\/\\\/bertheas.com\\\/#organization\",\"name\":\"Berth\u00e9as\",\"url\":\"https:\\\/\\\/bertheas.com\\\/\",\"logo\":{\"@type\":\"ImageObject\",\"inLanguage\":\"de\",\"@id\":\"https:\\\/\\\/bertheas.com\\\/#\\\/schema\\\/logo\\\/image\\\/\",\"url\":\"https:\\\/\\\/bertheas.com\\\/wp-content\\\/uploads\\\/2022\\\/06\\\/logo-bertheas.png\",\"contentUrl\":\"https:\\\/\\\/bertheas.com\\\/wp-content\\\/uploads\\\/2022\\\/06\\\/logo-bertheas.png\",\"width\":175,\"height\":90,\"caption\":\"Berth\u00e9as\"},\"image\":{\"@id\":\"https:\\\/\\\/bertheas.com\\\/#\\\/schema\\\/logo\\\/image\\\/\"}}]}<\/script>\n<!-- \/ Yoast SEO plugin. -->","yoast_head_json":{"title":"Unsere Geschichte - Berth\u00e9as","description":"Fabricant fran\u00e7ais de tissus \u00e9lastiques et techniques, Berth\u00e9as met \u00e0 votre service 40 ans d\u2019expertise pour des produits innovants, personnalis\u00e9s et adapt\u00e9s \u00e0 vos besoins.","robots":{"index":"index","follow":"follow","max-snippet":"max-snippet:-1","max-image-preview":"max-image-preview:large","max-video-preview":"max-video-preview:-1"},"canonical":"https:\/\/bertheas.com\/de\/unsere-geschichte\/","og_locale":"de_DE","og_type":"article","og_title":"Unsere Geschichte - Berth\u00e9as","og_description":"Fabricant fran\u00e7ais de tissus \u00e9lastiques et techniques, Berth\u00e9as met \u00e0 votre service 40 ans d\u2019expertise pour des produits innovants, personnalis\u00e9s et adapt\u00e9s \u00e0 vos besoins.","og_url":"https:\/\/bertheas.com\/de\/unsere-geschichte\/","og_site_name":"Berth\u00e9as","article_modified_time":"2026-01-16T15:54:53+00:00","og_image":[{"width":175,"height":90,"url":"https:\/\/bertheas.com\/wp-content\/uploads\/2022\/06\/logo-bertheas.png","type":"image\/png"}],"twitter_card":"summary_large_image","twitter_misc":{"Gesch\u00e4tzte Lesezeit":"8\u00a0Minuten"},"schema":{"@context":"https:\/\/schema.org","@graph":[{"@type":"WebPage","@id":"https:\/\/bertheas.com\/de\/unsere-geschichte\/","url":"https:\/\/bertheas.com\/de\/unsere-geschichte\/","name":"Unsere Geschichte - Berth\u00e9as","isPartOf":{"@id":"https:\/\/bertheas.com\/#website"},"datePublished":"2025-09-12T13:40:48+00:00","dateModified":"2026-01-16T15:54:53+00:00","description":"Fabricant fran\u00e7ais de tissus \u00e9lastiques et techniques, Berth\u00e9as met \u00e0 votre service 40 ans d\u2019expertise pour des produits innovants, personnalis\u00e9s et adapt\u00e9s \u00e0 vos besoins.","breadcrumb":{"@id":"https:\/\/bertheas.com\/de\/unsere-geschichte\/#breadcrumb"},"inLanguage":"de","potentialAction":[{"@type":"ReadAction","target":["https:\/\/bertheas.com\/de\/unsere-geschichte\/"]}]},{"@type":"BreadcrumbList","@id":"https:\/\/bertheas.com\/de\/unsere-geschichte\/#breadcrumb","itemListElement":[{"@type":"ListItem","position":1,"name":"Accueil","item":"https:\/\/bertheas.com\/de\/"},{"@type":"ListItem","position":2,"name":"Unsere Geschichte"}]},{"@type":"WebSite","@id":"https:\/\/bertheas.com\/#website","url":"https:\/\/bertheas.com\/","name":"Bertheas","description":"Tissus \u00e9lastiques","publisher":{"@id":"https:\/\/bertheas.com\/#organization"},"alternateName":"Bertheas, Fabricant de tissus \u00e9lastiques","potentialAction":[{"@type":"SearchAction","target":{"@type":"EntryPoint","urlTemplate":"https:\/\/bertheas.com\/?s={search_term_string}"},"query-input":{"@type":"PropertyValueSpecification","valueRequired":true,"valueName":"search_term_string"}}],"inLanguage":"de"},{"@type":"Organization","@id":"https:\/\/bertheas.com\/#organization","name":"Berth\u00e9as","url":"https:\/\/bertheas.com\/","logo":{"@type":"ImageObject","inLanguage":"de","@id":"https:\/\/bertheas.com\/#\/schema\/logo\/image\/","url":"https:\/\/bertheas.com\/wp-content\/uploads\/2022\/06\/logo-bertheas.png","contentUrl":"https:\/\/bertheas.com\/wp-content\/uploads\/2022\/06\/logo-bertheas.png","width":175,"height":90,"caption":"Berth\u00e9as"},"image":{"@id":"https:\/\/bertheas.com\/#\/schema\/logo\/image\/"}}]}},"_links":{"self":[{"href":"https:\/\/bertheas.com\/de\/wp-json\/wp\/v2\/pages\/22964","targetHints":{"allow":["GET"]}}],"collection":[{"href":"https:\/\/bertheas.com\/de\/wp-json\/wp\/v2\/pages"}],"about":[{"href":"https:\/\/bertheas.com\/de\/wp-json\/wp\/v2\/types\/page"}],"author":[{"embeddable":true,"href":"https:\/\/bertheas.com\/de\/wp-json\/wp\/v2\/users\/2"}],"replies":[{"embeddable":true,"href":"https:\/\/bertheas.com\/de\/wp-json\/wp\/v2\/comments?post=22964"}],"version-history":[{"count":2,"href":"https:\/\/bertheas.com\/de\/wp-json\/wp\/v2\/pages\/22964\/revisions"}],"predecessor-version":[{"id":23404,"href":"https:\/\/bertheas.com\/de\/wp-json\/wp\/v2\/pages\/22964\/revisions\/23404"}],"wp:attachment":[{"href":"https:\/\/bertheas.com\/de\/wp-json\/wp\/v2\/media?parent=22964"}],"curies":[{"name":"wp","href":"https:\/\/api.w.org\/{rel}","templated":true}]}}