{"id":22973,"date":"2025-09-12T15:59:44","date_gmt":"2025-09-12T13:59:44","guid":{"rendered":"https:\/\/bertheas.com\/?page_id=22973"},"modified":"2026-01-16T18:51:32","modified_gmt":"2026-01-16T17:51:32","slug":"insdutrieherstellung","status":"publish","type":"page","link":"https:\/\/bertheas.com\/de\/insdutrieherstellung\/","title":{"rendered":"Insdutrieherstellung"},"content":{"rendered":"<p>[et_pb_section fb_built=&#8220;1&#8243; admin_label=&#8220;notre histoire&#8220; _builder_version=&#8220;4.27.5&#8243; _module_preset=&#8220;default&#8220; hover_enabled=&#8220;0&#8243; collapsed=&#8220;off&#8220; global_colors_info=&#8220;{}&#8220; sticky_enabled=&#8220;0&#8243;][et_pb_row _builder_version=&#8220;4.17.4&#8243; _module_preset=&#8220;default&#8220; custom_padding=&#8220;||0px||false|false&#8220; global_colors_info=&#8220;{}&#8220;][et_pb_column type=&#8220;4_4&#8243; _builder_version=&#8220;4.17.4&#8243; _module_preset=&#8220;default&#8220; global_colors_info=&#8220;{}&#8220;][et_pb_text _builder_version=&#8220;4.27.5&#8243; _module_preset=&#8220;default&#8220; header_2_text_color=&#8220;#E15F33&#8243; global_colors_info=&#8220;{}&#8220;]<\/p>\n<h1>Insdutrieherstellung<\/h1>\n<h2>Unser integrietes Know How<\/h2>\n<p>[\/et_pb_text][et_pb_divider color=&#8220;#E15F33&#8243; divider_weight=&#8220;3px&#8220; _builder_version=&#8220;4.27.4&#8243; _module_preset=&#8220;default&#8220; width=&#8220;122px&#8220; module_alignment=&#8220;left&#8220; global_module=&#8220;1446&#8243; saved_tabs=&#8220;all&#8220; global_colors_info=&#8220;{}&#8220;][\/et_pb_divider][et_pb_text _builder_version=&#8220;4.27.4&#8243; _module_preset=&#8220;default&#8220; text_text_color=&#8220;#144487&#8243; text_font_size=&#8220;21px&#8220; text_line_height=&#8220;1.4em&#8220; text_font_size_tablet=&#8220;21px&#8220; text_font_size_phone=&#8220;18px&#8220; text_font_size_last_edited=&#8220;on|phone&#8220; locked=&#8220;off&#8220; global_colors_info=&#8220;{}&#8220;]Umfassendes Know-how, das Tradition, Pr\u00e4zision und Innovation vereint.[\/et_pb_text][\/et_pb_column][\/et_pb_row][\/et_pb_section][et_pb_section fb_built=&#8220;1&#8243; admin_label=&#8220;savoirfaire&#8220; _builder_version=&#8220;4.27.5&#8243; _module_preset=&#8220;default&#8220; collapsed=&#8220;on&#8220; global_colors_info=&#8220;{}&#8220;][et_pb_row column_structure=&#8220;1_3,2_3&#8243; use_custom_gutter=&#8220;on&#8220; gutter_width=&#8220;1&#8243; _builder_version=&#8220;4.27.4&#8243; _module_preset=&#8220;default&#8220; background_enable_color=&#8220;off&#8220; custom_margin=&#8220;||44px||false|false&#8220; custom_padding=&#8220;0px||0px||true|false&#8220; border_radii=&#8220;on|22px|22px|22px|22px&#8220; border_color_all=&#8220;rgba(20,68,135,0.2)&#8220; box_shadow_style=&#8220;preset3&#8243; global_colors_info=&#8220;{}&#8220;][et_pb_column type=&#8220;1_3&#8243; _builder_version=&#8220;4.27.4&#8243; _module_preset=&#8220;default&#8220; custom_padding=&#8220;22px|22px|22px|22px|true|true&#8220; border_radii=&#8220;on|22px|22px|22px|22px&#8220; global_colors_info=&#8220;{}&#8220;][et_pb_image src=&#8220;https:\/\/bertheas.com\/wp-content\/uploads\/2025\/10\/BERTHEAS_ourdissage_tissu_w770.jpg&#8220; alt=&#8220;BERTHEAS_Kettsch\u00e4ring_Stoff_w770&#8243; title_text=&#8220;Berth\u00e9as-ehemaliger-Werk1&#8243; show_bottom_space=&#8220;off&#8220; _builder_version=&#8220;4.27.4&#8243; _module_preset=&#8220;default&#8220; border_radii=&#8220;on|22px|22px|22px|22px&#8220; global_colors_info=&#8220;{}&#8220;][\/et_pb_image][\/et_pb_column][et_pb_column type=&#8220;2_3&#8243; _builder_version=&#8220;4.27.4&#8243; _module_preset=&#8220;default&#8220; custom_padding=&#8220;22px|22px|22px|22px|true|true&#8220; border_radii=&#8220;on|22px|22px|22px|22px&#8220; global_colors_info=&#8220;{}&#8220;][et_pb_text _builder_version=&#8220;4.27.4&#8243; _module_preset=&#8220;default&#8220; header_3_font_size=&#8220;26px&#8220; background_enable_color=&#8220;off&#8220; global_colors_info=&#8220;{}&#8220;]<\/p>\n<h3>Schaeren<\/h3>\n<h4 class=\"orange\">Integrierte Vorbereitung von Materialien<\/h4>\n<p>Nos ourdissoirs sectionnels et directs nous permettent de nous adapter rapidement \u00e0 la demande.<\/p>\n<p>Dank unserer Sektional- und Direktsch\u00e4rmaschinen k\u00f6nnen wir uns schnell an die Nachfrage anpassen.<br \/>Im Zuge technologischer Innovationen, Trends und Nachhaltigkeit haben traditionelle Fasern wie Baumwolle oder Naturkautschuk Platz gemacht f\u00fcr Polyamide, Polyamid-Mikrofasern, Airtex-Polyamid-Mikrofasern, Polyester, Polypropylen-Mikrofasern und Elasthan.<\/p>\n<p>[\/et_pb_text][\/et_pb_column][\/et_pb_row][et_pb_row column_structure=&#8220;1_3,2_3&#8243; use_custom_gutter=&#8220;on&#8220; gutter_width=&#8220;1&#8243; _builder_version=&#8220;4.27.4&#8243; _module_preset=&#8220;default&#8220; background_enable_color=&#8220;off&#8220; custom_margin=&#8220;||44px||false|false&#8220; custom_padding=&#8220;0px||0px||true|false&#8220; border_radii=&#8220;on|22px|22px|22px|22px&#8220; border_color_all=&#8220;rgba(20,68,135,0.2)&#8220; box_shadow_style=&#8220;preset3&#8243; global_colors_info=&#8220;{}&#8220;][et_pb_column type=&#8220;1_3&#8243; _builder_version=&#8220;4.27.4&#8243; _module_preset=&#8220;default&#8220; custom_padding=&#8220;22px|22px|22px|22px|true|true&#8220; border_radii=&#8220;on|22px|22px|22px|22px&#8220; global_colors_info=&#8220;{}&#8220;][et_pb_image src=&#8220;https:\/\/bertheas.com\/wp-content\/uploads\/2025\/10\/BERTHEAS_tissage_tissu_w770.jpg&#8220; alt=&#8220;BERTHEAS_Weben_Stoff_w770&#8243; title_text=&#8220;Berth\u00e9as-ehemaliger-Werk1&#8243; show_bottom_space=&#8220;off&#8220; _builder_version=&#8220;4.27.4&#8243; _module_preset=&#8220;default&#8220; custom_margin=&#8220;||||false|false&#8220; border_radii=&#8220;on|22px|22px|22px|22px&#8220; global_colors_info=&#8220;{}&#8220;][\/et_pb_image][\/et_pb_column][et_pb_column type=&#8220;2_3&#8243; _builder_version=&#8220;4.27.4&#8243; _module_preset=&#8220;default&#8220; custom_padding=&#8220;22px|22px|22px|22px|true|true&#8220; border_radii=&#8220;on|22px|22px|22px|22px&#8220; global_colors_info=&#8220;{}&#8220;][et_pb_text _builder_version=&#8220;4.27.4&#8243; _module_preset=&#8220;default&#8220; header_3_font_size=&#8220;26px&#8220; background_enable_color=&#8220;off&#8220; global_colors_info=&#8220;{}&#8220;]<\/p>\n<h3>Weben<\/h3>\n<h4 class=\"orange\">Kette und Schuss<\/h4>\n<p>Berth\u00e9as, die \u00fcber 90 Jahre Erfahrung verf\u00fcgt und \u00fcber einen Bestand von mehr als 100 Webst\u00fchle verf\u00fcgt, bietet eine umfassende und flexible industrielle Kapazit\u00e4t zur Herstellung zahlreicher elastischer Gewebe und B\u00e4nder.<\/p>\n<p>Je nach Funktion der gew\u00fcnschten Artikel k\u00f6nnen wir Produktionen mit einer Breite von 15 bis 320 mm anbieten.<\/p>\n<p>Entdecken Sie unsere Sortimente unter anderem durch unsere 3d-, Klettf\u00e4higen, Taschen- oder bi-elastischen Artikelstrukturen.[\/et_pb_text][\/et_pb_column][\/et_pb_row][et_pb_row column_structure=&#8220;1_3,2_3&#8243; use_custom_gutter=&#8220;on&#8220; gutter_width=&#8220;1&#8243; _builder_version=&#8220;4.27.4&#8243; _module_preset=&#8220;default&#8220; background_enable_color=&#8220;off&#8220; custom_margin=&#8220;||44px||false|false&#8220; custom_padding=&#8220;0px||0px||true|false&#8220; border_radii=&#8220;on|22px|22px|22px|22px&#8220; border_color_all=&#8220;rgba(20,68,135,0.2)&#8220; box_shadow_style=&#8220;preset3&#8243; global_colors_info=&#8220;{}&#8220;][et_pb_column type=&#8220;1_3&#8243; _builder_version=&#8220;4.27.4&#8243; _module_preset=&#8220;default&#8220; custom_padding=&#8220;22px|22px|22px|22px|true|true&#8220; border_radii=&#8220;on|22px|22px|22px|22px&#8220; global_colors_info=&#8220;{}&#8220;][et_pb_image src=&#8220;https:\/\/bertheas.com\/wp-content\/uploads\/2025\/10\/BERTHEAS_finition_tissu_w770.jpg&#8220; alt=&#8220;BERTHEAS_Veredelung_Stoff_w770&#8243; title_text=&#8220;Berth\u00e9as-ehemaliger-Werk1&#8243; show_bottom_space=&#8220;off&#8220; _builder_version=&#8220;4.27.4&#8243; _module_preset=&#8220;default&#8220; custom_margin=&#8220;||||false|false&#8220; border_radii=&#8220;on|22px|22px|22px|22px&#8220; global_colors_info=&#8220;{}&#8220;][\/et_pb_image][\/et_pb_column][et_pb_column type=&#8220;2_3&#8243; _builder_version=&#8220;4.27.4&#8243; _module_preset=&#8220;default&#8220; custom_padding=&#8220;22px|22px|22px|22px|true|true&#8220; border_radii=&#8220;on|22px|22px|22px|22px&#8220; global_colors_info=&#8220;{}&#8220;][et_pb_text _builder_version=&#8220;4.27.4&#8243; _module_preset=&#8220;default&#8220; header_3_font_size=&#8220;26px&#8220; background_enable_color=&#8220;off&#8220; custom_margin=&#8220;||33px||false|false&#8220; global_colors_info=&#8220;{}&#8220;]<\/p>\n<h3>Ausr\u00fcten veredeln<\/h3>\n<h4 class=\"orange\">Spezialappreturen, -f\u00e4rbungen und -veredlungen<\/h4>\n<p>Wir verf\u00fcgen \u00fcber eine breite Palette an Werkzeugen f\u00fcr die Veredelung unserer B\u00e4nder nach dem Weben.<\/p>\n<p>F\u00fcr alle rohen gewebten B\u00e4nder sind je nach Tarifbelastung und gew\u00fcnschter Farbtiefe mehrere F\u00e4rbearten m\u00f6glich.<\/p>\n<p>Wir bieten eine umfassende Palette an Appreturen, um Ihren Textilien je nach Bedarf Weichheit, Widerstandsf\u00e4higkeit und Schutz zu verleihen.<\/p>\n<p>Die Personalisierung ist bis zum Ende des Prozesses durch personalisiertes Musterpr\u00e4gen oder Lasergravieren m\u00f6glich.[\/et_pb_text][\/et_pb_column][\/et_pb_row][\/et_pb_section][et_pb_section fb_built=&#8220;1&#8243; admin_label=&#8220;savoirfaire&#8220; module_id=&#8220;partnernetzwerk-verbesserung&#8220; _builder_version=&#8220;4.27.5&#8243; _module_preset=&#8220;default&#8220; custom_margin=&#8220;||44px||false|false&#8220; hover_enabled=&#8220;0&#8243; collapsed=&#8220;on&#8220; global_colors_info=&#8220;{}&#8220; sticky_enabled=&#8220;0&#8243;][et_pb_row column_structure=&#8220;1_4,3_4&#8243; use_custom_gutter=&#8220;on&#8220; gutter_width=&#8220;1&#8243; make_equal=&#8220;on&#8220; _builder_version=&#8220;4.27.4&#8243; _module_preset=&#8220;default&#8220; background_enable_color=&#8220;off&#8220; custom_padding=&#8220;|77px|||false|false&#8220; custom_css_main_element=&#8220;align-items:center;&#8220; border_radii=&#8220;on|22px|22px|22px|22px&#8220; box_shadow_style=&#8220;preset3&#8243; global_colors_info=&#8220;{}&#8220;][et_pb_column type=&#8220;1_4&#8243; _builder_version=&#8220;4.27.4&#8243; _module_preset=&#8220;default&#8220; global_colors_info=&#8220;{}&#8220;][et_pb_image src=&#8220;https:\/\/bertheas.com\/wp-content\/uploads\/2025\/09\/BERTHEAS_picto_reseau_partenaires_x160.png&#8220; title_text=&#8220;BERTHEAS_picto_Partnernetzwerk_x160&#8243; align=&#8220;center&#8220; _builder_version=&#8220;4.27.4&#8243; _module_preset=&#8220;default&#8220; global_colors_info=&#8220;{}&#8220;][\/et_pb_image][\/et_pb_column][et_pb_column type=&#8220;3_4&#8243; _builder_version=&#8220;4.27.4&#8243; _module_preset=&#8220;default&#8220; global_colors_info=&#8220;{}&#8220;][et_pb_text _builder_version=&#8220;4.27.4&#8243; _module_preset=&#8220;default&#8220; text_font=&#8220;||||||||&#8220; text_font_size=&#8220;18px&#8220; global_colors_info=&#8220;{}&#8220;]<\/p>\n<h3>Partnernetzwerk<\/h3>\n<p>Wir arbeiten mit einem reaktionsschnellen Netzwerk lokaler Partner zusammen, um komplette Endprodukte anzubieten. Dieses Netzwerk erm\u00f6glicht es uns, zus\u00e4tzliche Veredelungen in die Weberei unserer B\u00e4nder zu integrieren, wie z. B. Schneiden, N\u00e4hen, Schwei\u00dfen, Bedrucken oder das Hinzuf\u00fcgen von Komponenten. <\/p>\n<p>[\/et_pb_text][\/et_pb_column][\/et_pb_row][et_pb_row column_structure=&#8220;1_4,3_4&#8243; use_custom_gutter=&#8220;on&#8220; gutter_width=&#8220;1&#8243; make_equal=&#8220;on&#8220; _builder_version=&#8220;4.27.5&#8243; _module_preset=&#8220;default&#8220; background_enable_color=&#8220;off&#8220; custom_margin=&#8220;66px||||false|false&#8220; custom_padding=&#8220;|77px|||false|false&#8220; custom_css_main_element=&#8220;align-items:center;&#8220; border_radii=&#8220;on|22px|22px|22px|22px&#8220; box_shadow_style=&#8220;preset3&#8243; global_colors_info=&#8220;{}&#8220;][et_pb_column type=&#8220;1_4&#8243; _builder_version=&#8220;4.27.4&#8243; _module_preset=&#8220;default&#8220; global_colors_info=&#8220;{}&#8220;][et_pb_image src=&#8220;https:\/\/bertheas.com\/wp-content\/uploads\/2025\/09\/BERTHEAS_picto_amelioration_x160-1.png&#8220; alt=&#8220;BERTHEAS_picto_Verbessung_x160&#8243; title_text=&#8220;BERTHEAS_picto_Partnernetzwerk_x160&#8243; align=&#8220;center&#8220; _builder_version=&#8220;4.27.4&#8243; _module_preset=&#8220;default&#8220; global_colors_info=&#8220;{}&#8220;][\/et_pb_image][\/et_pb_column][et_pb_column type=&#8220;3_4&#8243; _builder_version=&#8220;4.27.4&#8243; _module_preset=&#8220;default&#8220; global_colors_info=&#8220;{}&#8220;][et_pb_text _builder_version=&#8220;4.27.4&#8243; _module_preset=&#8220;default&#8220; text_font=&#8220;||||||||&#8220; text_font_size=&#8220;18px&#8220; global_colors_info=&#8220;{}&#8220;]<\/p>\n<h3>Verbesserung<\/h3>\n<p>Berth\u00e9as verfolgt einen Ansatz der operativen Exzellenz, der darin besteht, Produkte, Prozesse und Arbeitsbedingungen kontinuierlich zu verbessern, indem Methoden, Standards, Zuh\u00f6ren, Wohlwollen und das Engagement der Teams genutzt werden.[\/et_pb_text][\/et_pb_column][\/et_pb_row][\/et_pb_section]<\/p>\n","protected":false},"excerpt":{"rendered":"<p>Als franz\u00f6sischer Hersteller von elastischen und technischen Stoffen bietet Berth\u00e9as 40 Jahre Erfahrung mit ma\u00dfgeschneiderten Produkten.<\/p>\n","protected":false},"author":3,"featured_media":0,"parent":0,"menu_order":0,"comment_status":"closed","ping_status":"closed","template":"","meta":{"_et_pb_use_builder":"on","_et_pb_old_content":"","_et_gb_content_width":"","footnotes":""},"class_list":["post-22973","page","type-page","status-publish","hentry"],"yoast_head":"<!-- This site is optimized with the Yoast SEO plugin v27.4 - https:\/\/yoast.com\/product\/yoast-seo-wordpress\/ -->\n<title>Insdutrieherstellung - Berth\u00e9as<\/title>\n<meta name=\"description\" content=\"Fabricant fran\u00e7ais de tissus \u00e9lastiques et techniques, Berth\u00e9as met \u00e0 votre service 40 ans d\u2019expertise pour des produits innovants, personnalis\u00e9s et adapt\u00e9s \u00e0 vos besoins.\" \/>\n<meta name=\"robots\" content=\"index, follow, max-snippet:-1, max-image-preview:large, max-video-preview:-1\" \/>\n<link rel=\"canonical\" href=\"https:\/\/bertheas.com\/de\/insdutrieherstellung\/\" \/>\n<meta property=\"og:locale\" content=\"de_DE\" \/>\n<meta property=\"og:type\" content=\"article\" \/>\n<meta property=\"og:title\" content=\"Insdutrieherstellung - Berth\u00e9as\" \/>\n<meta property=\"og:description\" content=\"Fabricant fran\u00e7ais de tissus \u00e9lastiques et techniques, Berth\u00e9as met \u00e0 votre service 40 ans d\u2019expertise pour des produits innovants, personnalis\u00e9s et adapt\u00e9s \u00e0 vos besoins.\" \/>\n<meta property=\"og:url\" content=\"https:\/\/bertheas.com\/de\/insdutrieherstellung\/\" \/>\n<meta property=\"og:site_name\" content=\"Berth\u00e9as\" \/>\n<meta property=\"article:modified_time\" content=\"2026-01-16T17:51:32+00:00\" \/>\n<meta property=\"og:image\" content=\"https:\/\/bertheas.com\/wp-content\/uploads\/2022\/06\/logo-bertheas.png\" \/>\n\t<meta property=\"og:image:width\" content=\"175\" \/>\n\t<meta property=\"og:image:height\" content=\"90\" \/>\n\t<meta property=\"og:image:type\" content=\"image\/png\" \/>\n<meta name=\"twitter:card\" content=\"summary_large_image\" \/>\n<meta name=\"twitter:label1\" content=\"Gesch\u00e4tzte Lesezeit\" \/>\n\t<meta name=\"twitter:data1\" content=\"7\u00a0Minuten\" \/>\n<script type=\"application\/ld+json\" class=\"yoast-schema-graph\">{\"@context\":\"https:\\\/\\\/schema.org\",\"@graph\":[{\"@type\":\"WebPage\",\"@id\":\"https:\\\/\\\/bertheas.com\\\/de\\\/insdutrieherstellung\\\/\",\"url\":\"https:\\\/\\\/bertheas.com\\\/de\\\/insdutrieherstellung\\\/\",\"name\":\"Insdutrieherstellung - Berth\u00e9as\",\"isPartOf\":{\"@id\":\"https:\\\/\\\/bertheas.com\\\/#website\"},\"datePublished\":\"2025-09-12T13:59:44+00:00\",\"dateModified\":\"2026-01-16T17:51:32+00:00\",\"description\":\"Fabricant fran\u00e7ais de tissus \u00e9lastiques et techniques, Berth\u00e9as met \u00e0 votre service 40 ans d\u2019expertise pour des produits innovants, personnalis\u00e9s et adapt\u00e9s \u00e0 vos besoins.\",\"breadcrumb\":{\"@id\":\"https:\\\/\\\/bertheas.com\\\/de\\\/insdutrieherstellung\\\/#breadcrumb\"},\"inLanguage\":\"de\",\"potentialAction\":[{\"@type\":\"ReadAction\",\"target\":[\"https:\\\/\\\/bertheas.com\\\/de\\\/insdutrieherstellung\\\/\"]}]},{\"@type\":\"BreadcrumbList\",\"@id\":\"https:\\\/\\\/bertheas.com\\\/de\\\/insdutrieherstellung\\\/#breadcrumb\",\"itemListElement\":[{\"@type\":\"ListItem\",\"position\":1,\"name\":\"Accueil\",\"item\":\"https:\\\/\\\/bertheas.com\\\/de\\\/\"},{\"@type\":\"ListItem\",\"position\":2,\"name\":\"Insdutrieherstellung\"}]},{\"@type\":\"WebSite\",\"@id\":\"https:\\\/\\\/bertheas.com\\\/#website\",\"url\":\"https:\\\/\\\/bertheas.com\\\/\",\"name\":\"Bertheas\",\"description\":\"Tissus \u00e9lastiques\",\"publisher\":{\"@id\":\"https:\\\/\\\/bertheas.com\\\/#organization\"},\"alternateName\":\"Bertheas, Fabricant de tissus \u00e9lastiques\",\"potentialAction\":[{\"@type\":\"SearchAction\",\"target\":{\"@type\":\"EntryPoint\",\"urlTemplate\":\"https:\\\/\\\/bertheas.com\\\/?s={search_term_string}\"},\"query-input\":{\"@type\":\"PropertyValueSpecification\",\"valueRequired\":true,\"valueName\":\"search_term_string\"}}],\"inLanguage\":\"de\"},{\"@type\":\"Organization\",\"@id\":\"https:\\\/\\\/bertheas.com\\\/#organization\",\"name\":\"Berth\u00e9as\",\"url\":\"https:\\\/\\\/bertheas.com\\\/\",\"logo\":{\"@type\":\"ImageObject\",\"inLanguage\":\"de\",\"@id\":\"https:\\\/\\\/bertheas.com\\\/#\\\/schema\\\/logo\\\/image\\\/\",\"url\":\"https:\\\/\\\/bertheas.com\\\/wp-content\\\/uploads\\\/2022\\\/06\\\/logo-bertheas.png\",\"contentUrl\":\"https:\\\/\\\/bertheas.com\\\/wp-content\\\/uploads\\\/2022\\\/06\\\/logo-bertheas.png\",\"width\":175,\"height\":90,\"caption\":\"Berth\u00e9as\"},\"image\":{\"@id\":\"https:\\\/\\\/bertheas.com\\\/#\\\/schema\\\/logo\\\/image\\\/\"}}]}<\/script>\n<!-- \/ Yoast SEO plugin. -->","yoast_head_json":{"title":"Insdutrieherstellung - Berth\u00e9as","description":"Fabricant fran\u00e7ais de tissus \u00e9lastiques et techniques, Berth\u00e9as met \u00e0 votre service 40 ans d\u2019expertise pour des produits innovants, personnalis\u00e9s et adapt\u00e9s \u00e0 vos besoins.","robots":{"index":"index","follow":"follow","max-snippet":"max-snippet:-1","max-image-preview":"max-image-preview:large","max-video-preview":"max-video-preview:-1"},"canonical":"https:\/\/bertheas.com\/de\/insdutrieherstellung\/","og_locale":"de_DE","og_type":"article","og_title":"Insdutrieherstellung - Berth\u00e9as","og_description":"Fabricant fran\u00e7ais de tissus \u00e9lastiques et techniques, Berth\u00e9as met \u00e0 votre service 40 ans d\u2019expertise pour des produits innovants, personnalis\u00e9s et adapt\u00e9s \u00e0 vos besoins.","og_url":"https:\/\/bertheas.com\/de\/insdutrieherstellung\/","og_site_name":"Berth\u00e9as","article_modified_time":"2026-01-16T17:51:32+00:00","og_image":[{"width":175,"height":90,"url":"https:\/\/bertheas.com\/wp-content\/uploads\/2022\/06\/logo-bertheas.png","type":"image\/png"}],"twitter_card":"summary_large_image","twitter_misc":{"Gesch\u00e4tzte Lesezeit":"7\u00a0Minuten"},"schema":{"@context":"https:\/\/schema.org","@graph":[{"@type":"WebPage","@id":"https:\/\/bertheas.com\/de\/insdutrieherstellung\/","url":"https:\/\/bertheas.com\/de\/insdutrieherstellung\/","name":"Insdutrieherstellung - Berth\u00e9as","isPartOf":{"@id":"https:\/\/bertheas.com\/#website"},"datePublished":"2025-09-12T13:59:44+00:00","dateModified":"2026-01-16T17:51:32+00:00","description":"Fabricant fran\u00e7ais de tissus \u00e9lastiques et techniques, Berth\u00e9as met \u00e0 votre service 40 ans d\u2019expertise pour des produits innovants, personnalis\u00e9s et adapt\u00e9s \u00e0 vos besoins.","breadcrumb":{"@id":"https:\/\/bertheas.com\/de\/insdutrieherstellung\/#breadcrumb"},"inLanguage":"de","potentialAction":[{"@type":"ReadAction","target":["https:\/\/bertheas.com\/de\/insdutrieherstellung\/"]}]},{"@type":"BreadcrumbList","@id":"https:\/\/bertheas.com\/de\/insdutrieherstellung\/#breadcrumb","itemListElement":[{"@type":"ListItem","position":1,"name":"Accueil","item":"https:\/\/bertheas.com\/de\/"},{"@type":"ListItem","position":2,"name":"Insdutrieherstellung"}]},{"@type":"WebSite","@id":"https:\/\/bertheas.com\/#website","url":"https:\/\/bertheas.com\/","name":"Bertheas","description":"Tissus \u00e9lastiques","publisher":{"@id":"https:\/\/bertheas.com\/#organization"},"alternateName":"Bertheas, Fabricant de tissus \u00e9lastiques","potentialAction":[{"@type":"SearchAction","target":{"@type":"EntryPoint","urlTemplate":"https:\/\/bertheas.com\/?s={search_term_string}"},"query-input":{"@type":"PropertyValueSpecification","valueRequired":true,"valueName":"search_term_string"}}],"inLanguage":"de"},{"@type":"Organization","@id":"https:\/\/bertheas.com\/#organization","name":"Berth\u00e9as","url":"https:\/\/bertheas.com\/","logo":{"@type":"ImageObject","inLanguage":"de","@id":"https:\/\/bertheas.com\/#\/schema\/logo\/image\/","url":"https:\/\/bertheas.com\/wp-content\/uploads\/2022\/06\/logo-bertheas.png","contentUrl":"https:\/\/bertheas.com\/wp-content\/uploads\/2022\/06\/logo-bertheas.png","width":175,"height":90,"caption":"Berth\u00e9as"},"image":{"@id":"https:\/\/bertheas.com\/#\/schema\/logo\/image\/"}}]}},"_links":{"self":[{"href":"https:\/\/bertheas.com\/de\/wp-json\/wp\/v2\/pages\/22973","targetHints":{"allow":["GET"]}}],"collection":[{"href":"https:\/\/bertheas.com\/de\/wp-json\/wp\/v2\/pages"}],"about":[{"href":"https:\/\/bertheas.com\/de\/wp-json\/wp\/v2\/types\/page"}],"author":[{"embeddable":true,"href":"https:\/\/bertheas.com\/de\/wp-json\/wp\/v2\/users\/3"}],"replies":[{"embeddable":true,"href":"https:\/\/bertheas.com\/de\/wp-json\/wp\/v2\/comments?post=22973"}],"version-history":[{"count":2,"href":"https:\/\/bertheas.com\/de\/wp-json\/wp\/v2\/pages\/22973\/revisions"}],"predecessor-version":[{"id":23701,"href":"https:\/\/bertheas.com\/de\/wp-json\/wp\/v2\/pages\/22973\/revisions\/23701"}],"wp:attachment":[{"href":"https:\/\/bertheas.com\/de\/wp-json\/wp\/v2\/media?parent=22973"}],"curies":[{"name":"wp","href":"https:\/\/api.w.org\/{rel}","templated":true}]}}