{"id":2734,"date":"2022-06-16T15:44:37","date_gmt":"2022-06-16T13:44:37","guid":{"rendered":"https:\/\/bertheas.laurentholdrinet.com\/kontakt-und-infos\/"},"modified":"2026-01-16T16:58:25","modified_gmt":"2026-01-16T15:58:25","slug":"kontakt-und-infos","status":"publish","type":"page","link":"https:\/\/bertheas.com\/de\/kontakt-und-infos\/","title":{"rendered":"Kontakt und Infos"},"content":{"rendered":"<p>[et_pb_section fb_built=&#8220;1&#8243; _builder_version=&#8220;4.17.4&#8243; _module_preset=&#8220;default&#8220; global_colors_info=&#8220;{}&#8220;][et_pb_row _builder_version=&#8220;4.17.4&#8243; _module_preset=&#8220;default&#8220; global_colors_info=&#8220;{}&#8220;][et_pb_column type=&#8220;4_4&#8243; _builder_version=&#8220;4.17.4&#8243; _module_preset=&#8220;default&#8220; global_colors_info=&#8220;{}&#8220;][et_pb_text _builder_version=&#8220;4.17.4&#8243; _module_preset=&#8220;default&#8220; global_colors_info=&#8220;{}&#8220;]<\/p>\n<h1>Kontakt und Infos<\/h1>\n<p>[\/et_pb_text][et_pb_divider color=&#8220;#E15F33&#8243; divider_weight=&#8220;3px&#8220; _builder_version=&#8220;4.21.0&#8243; _module_preset=&#8220;default&#8220; width=&#8220;122px&#8220; module_alignment=&#8220;left&#8220; global_module=&#8220;1446&#8243; saved_tabs=&#8220;all&#8220; global_colors_info=&#8220;{}&#8220;][\/et_pb_divider][\/et_pb_column][\/et_pb_row][et_pb_row column_structure=&#8220;1_3,2_3&#8243; _builder_version=&#8220;4.17.4&#8243; _module_preset=&#8220;default&#8220; global_colors_info=&#8220;{}&#8220;][et_pb_column type=&#8220;1_3&#8243; _builder_version=&#8220;4.17.4&#8243; _module_preset=&#8220;default&#8220; global_colors_info=&#8220;{}&#8220;][et_pb_text _builder_version=&#8220;4.17.4&#8243; _module_preset=&#8220;default&#8220; header_3_font=&#8220;||||||||&#8220; header_3_font_size=&#8220;18px&#8220; header_3_line_height=&#8220;1.2em&#8220; header_5_font=&#8220;|||on|||||&#8220; global_colors_info=&#8220;{}&#8220;]<\/p>\n<h5>Orthop\u00e4die<\/h5>\n<hr class=\"liste_noms\">\n<h3>\u00c9ric BAHON<\/h3>\n<p>Tel.: +33 4 77 29 33 69<br \/>Fax: +33 4 77 29 33 39<br \/>E-Mail: <a href=\"&#109;&#x61;&#105;&#x6c;&#116;&#x6f;:&#x65;b&#x61;h&#111;&#x6e;&#64;&#x62;&#101;&#x72;&#116;&#x68;e&#x61;s&#x2e;c&#111;&#x6d;\">&#x65;&#x62;&#97;&#104;o&#x6e;&#x40;&#x62;&#101;rt&#x68;&#x65;&#97;&#115;&#46;&#x63;&#x6f;&#x6d;<\/a><\/p>\n<p>[\/et_pb_text][et_pb_text _builder_version=&#8220;4.17.4&#8243; _module_preset=&#8220;default&#8220; header_3_font=&#8220;||||||||&#8220; header_3_font_size=&#8220;18px&#8220; header_3_line_height=&#8220;1.2em&#8220; header_5_font=&#8220;|||on|||||&#8220; global_colors_info=&#8220;{}&#8220;]<\/p>\n<h5>Sport, Bekleidung und Technik<\/h5>\n<hr class=\"liste_noms\">\n<h3>Olivier ROCHE<\/h3>\n<p>Tel : +33 4 77 29 33 68<br \/>Fax : +33 4 77 29 33 39<br \/>E-mail : <a href=\"&#x6d;&#x61;&#x69;&#108;&#116;o:&#x6f;&#x72;&#x6f;&#x63;&#104;&#101;&#64;b&#x65;&#x72;&#x74;&#104;&#101;&#97;s&#46;&#x63;&#x6f;&#x6d;\">&#111;&#x72;&#x6f;c&#104;&#x65;&#64;&#98;&#x65;r&#116;&#x68;e&#97;&#x73;&#x2e;&#99;&#x6f;&#x6d;<\/a><\/p>\n<p>[\/et_pb_text][et_pb_text _builder_version=&#8220;4.17.4&#8243; _module_preset=&#8220;default&#8220; header_3_font=&#8220;||||||||&#8220; header_3_font_size=&#8220;18px&#8220; header_3_line_height=&#8220;1.2em&#8220; header_5_font=&#8220;|||on|||||&#8220; global_colors_info=&#8220;{}&#8220;]<\/p>\n<h5>Verkaufsassistentin<\/h5>\n<hr class=\"liste_noms\">\n<h3>Doroth\u00e9e FAURE<\/h3>\n<p>Tel.: +33 4 77 29 33 67<br \/>Fax: +33 4 77 29 33 39<br \/>E-Mail: <a href=\"mai&#108;&#116;&#111;&#58;&#x64;&#x66;&#x61;&#x75;&#x72;&#x65;&#x40;ber&#116;&#104;&#101;&#97;&#115;&#x2e;&#x63;&#x6f;&#x6d;\">&#x64;&#102;a&#x75;&#114;&#101;&#x40;&#x62;&#101;r&#x74;&#104;e&#x61;&#x73;&#46;c&#x6f;&#109;<\/a><\/p>\n<p>[\/et_pb_text][\/et_pb_column][et_pb_column type=&#8220;2_3&#8243; _builder_version=&#8220;4.17.4&#8243; _module_preset=&#8220;default&#8220; global_colors_info=&#8220;{}&#8220;][et_pb_code _builder_version=&#8220;4.17.4&#8243; _module_preset=&#8220;default&#8220; global_colors_info=&#8220;{}&#8220;]\n<div class=\"wpcf7 no-js\" id=\"wpcf7-f2756-o1\" lang=\"de-DE\" dir=\"ltr\" data-wpcf7-id=\"2756\">\n<div class=\"screen-reader-response\"><p role=\"status\" aria-live=\"polite\" aria-atomic=\"true\"><\/p> <ul><\/ul><\/div>\n<form action=\"\/de\/wp-json\/wp\/v2\/pages\/2734#wpcf7-f2756-o1\" method=\"post\" class=\"wpcf7-form init cf7mls-no-scroll cf7mls-no-moving-animation\" aria-label=\"Kontaktformular\" novalidate=\"novalidate\" data-status=\"init\">\n<fieldset class=\"hidden-fields-container\"><input type=\"hidden\" name=\"_wpcf7\" value=\"2756\" \/><input type=\"hidden\" name=\"_wpcf7_version\" value=\"6.1.5\" \/><input type=\"hidden\" name=\"_wpcf7_locale\" value=\"de_DE\" \/><input type=\"hidden\" name=\"_wpcf7_unit_tag\" value=\"wpcf7-f2756-o1\" \/><input type=\"hidden\" name=\"_wpcf7_container_post\" value=\"0\" \/><input type=\"hidden\" name=\"_wpcf7_posted_data_hash\" value=\"\" \/>\n<\/fieldset>\n<div class=\"uacf7-form-wrapper-container uacf7-form-2756  \"><p><span class=\"wpcf7-form-control-wrap\" data-name=\"votre-nom\"><input size=\"40\" maxlength=\"400\" class=\"wpcf7-form-control wpcf7-text wpcf7-validates-as-required\" aria-required=\"true\" aria-invalid=\"false\" placeholder=\"Ihr Name\" value=\"\" type=\"text\" name=\"votre-nom\" \/><\/span><\/p>\n<p><span class=\"wpcf7-form-control-wrap\" data-name=\"votre-societe\"><input size=\"40\" maxlength=\"400\" class=\"wpcf7-form-control wpcf7-text\" aria-invalid=\"false\" placeholder=\"Ihre Gesellschaft\" value=\"\" type=\"text\" name=\"votre-societe\" \/><\/span><\/p>\n<p><span class=\"wpcf7-form-control-wrap\" data-name=\"votre-mail\"><input size=\"40\" maxlength=\"400\" class=\"wpcf7-form-control wpcf7-email wpcf7-validates-as-required wpcf7-text wpcf7-validates-as-email\" aria-required=\"true\" aria-invalid=\"false\" placeholder=\"deine Emailadresse\" value=\"\" type=\"email\" name=\"votre-mail\" \/><\/span><\/p>\n<p><span class=\"wpcf7-form-control-wrap\" data-name=\"votre-telephone\"><input size=\"40\" maxlength=\"400\" class=\"wpcf7-form-control wpcf7-tel wpcf7-text wpcf7-validates-as-tel\" aria-invalid=\"false\" placeholder=\"Deine Telefonnummer\" value=\"\" type=\"tel\" name=\"votre-telephone\" \/><\/span><\/p>\n<p><span class=\"wpcf7-form-control-wrap\" data-name=\"votre-message\"><textarea cols=\"50\" rows=\"10\" maxlength=\"2000\" class=\"wpcf7-form-control wpcf7-textarea wpcf7-validates-as-required\" aria-required=\"true\" aria-invalid=\"false\" placeholder=\"Ihre Nachricht\" name=\"votre-message\"><\/textarea><\/span><\/p>\n<p><span class=\"wpcf7-form-control-wrap\" data-name=\"acceptance-443\"><span class=\"wpcf7-form-control wpcf7-acceptance\"><span class=\"wpcf7-list-item\"><label><input type=\"checkbox\" name=\"acceptance-443\" value=\"1\" aria-invalid=\"false\" \/><span class=\"wpcf7-list-item-label\">Indem ich dieses K\u00e4stchen ankreuze, erm\u00e4chtige ich Berth\u00e9as, meine Daten zu verwenden, um mich zu kontaktieren (DSGVO).<\/span><\/label><\/span><\/span><\/span><\/p>\n\n<input class=\"wpcf7-form-control wpcf7-submit has-spinner submit et_pb_button\" type=\"submit\" value=\"sende meine Nachricht\" \/><\/div><div class=\"wpcf7-response-output\" aria-hidden=\"true\"><\/div>\n<\/form>\n<\/div>\n[\/et_pb_code][\/et_pb_column][\/et_pb_row][\/et_pb_section][et_pb_section fb_built=&#8220;1&#8243; _builder_version=&#8220;4.17.4&#8243; _module_preset=&#8220;default&#8220; global_colors_info=&#8220;{}&#8220;][et_pb_row column_structure=&#8220;1_3,2_3&#8243; _builder_version=&#8220;4.17.4&#8243; _module_preset=&#8220;default&#8220; global_colors_info=&#8220;{}&#8220;][et_pb_column type=&#8220;1_3&#8243; _builder_version=&#8220;4.17.4&#8243; _module_preset=&#8220;default&#8220; global_colors_info=&#8220;{}&#8220;][et_pb_text _builder_version=&#8220;4.17.4&#8243; _module_preset=&#8220;default&#8220; header_3_font=&#8220;|||on|||||&#8220; header_3_font_size=&#8220;18px&#8220; header_3_line_height=&#8220;1.2em&#8220; global_colors_info=&#8220;{}&#8220;]<\/p>\n<h3>BERTHEAS FRANCE<\/h3>\n<hr class=\"liste_noms\">\n<p>10, Avenue Leonardo da Vinci<br \/>\nSt\u00e9lytec Business Park<br \/>\n42400 Saint-Chamond Cedex Frankreich[\/et_pb_text][\/et_pb_column][et_pb_column type=&#8220;2_3&#8243; _builder_version=&#8220;4.17.4&#8243; _module_preset=&#8220;default&#8220; global_colors_info=&#8220;{}&#8220;][et_pb_code _builder_version=&#8220;4.17.4&#8243; _module_preset=&#8220;default&#8220; global_colors_info=&#8220;{}&#8220;]<iframe src=\"https:\/\/www.google.com\/maps\/embed?pb=!1m18!1m12!1m3!1d2797.047727280871!2d4.522112216226248!3d45.48898363980925!2m3!1f0!2f0!3f0!3m2!1i1024!2i768!4f13.1!3m3!1m2!1s0x47f5005f7324c22f%3A0x320458eb90cf751e!2sBerth%C3%A9as%20et%20Cie!5e0!3m2!1sen!2sfr!4v1655971197878!5m2!1sen!2sfr\" width=\"780\" height=\"390\" style=\"border:0;\" allowfullscreen=\"\" loading=\"lazy\" referrerpolicy=\"no-referrer-when-downgrade\"><\/iframe>[\/et_pb_code][\/et_pb_column][\/et_pb_row][\/et_pb_section]<\/p>\n","protected":false},"excerpt":{"rendered":"<p>Kontakt und InfosOrthop\u00e4die \u00c9ric BAHON Tel.: +33 4 77 29 33 69Fax: +33 4 77 29 33 39E-Mail: ebahon&#64;bertheas&#46;comSport, Bekleidung und Technik Olivier ROCHE Tel : +33 4 77 29 33 68Fax : +33 4 77 29 33 39E-mail : &#x6f;&#114;o&#x63;&#104;e&#x40;&#98;e&#x72;&#116;h&#x65;&#97;s&#x2e;&#99;o&#x6d;&#86;e&#x72;&#107;a&#x75;&#102;s&#x61;&#115;s&#x69;&#115;t&#x65;&#110;t&#x69;&#110; Doroth\u00e9e FAURE Tel.: +33 4 77 29 33 67Fax: +33 4 77 29 33 [&hellip;]<\/p>\n","protected":false},"author":3,"featured_media":0,"parent":0,"menu_order":0,"comment_status":"closed","ping_status":"closed","template":"","meta":{"_et_pb_use_builder":"on","_et_pb_old_content":"","_et_gb_content_width":"","footnotes":""},"class_list":["post-2734","page","type-page","status-publish","hentry"],"yoast_head":"<!-- This site is optimized with the Yoast SEO plugin v27.4 - https:\/\/yoast.com\/product\/yoast-seo-wordpress\/ -->\n<title>Kontakt &amp; Informationen - Berth\u00e9as<\/title>\n<meta name=\"description\" content=\"Berth\u00e9as entwirft und produziert innovative Textilprodukte in Frankreich. Kontaktieren Sie uns, um Ihr Angebot zu erhalten.\" \/>\n<meta name=\"robots\" content=\"index, follow, max-snippet:-1, max-image-preview:large, max-video-preview:-1\" \/>\n<link rel=\"canonical\" href=\"https:\/\/bertheas.com\/de\/kontakt-und-infos\/\" \/>\n<meta property=\"og:locale\" content=\"de_DE\" \/>\n<meta property=\"og:type\" content=\"article\" \/>\n<meta property=\"og:title\" content=\"Kontakt &amp; Informationen - Berth\u00e9as\" \/>\n<meta property=\"og:description\" content=\"Berth\u00e9as entwirft und produziert innovative Textilprodukte in Frankreich. Kontaktieren Sie uns, um Ihr Angebot zu erhalten.\" \/>\n<meta property=\"og:url\" content=\"https:\/\/bertheas.com\/de\/kontakt-und-infos\/\" \/>\n<meta property=\"og:site_name\" content=\"Berth\u00e9as\" \/>\n<meta property=\"article:modified_time\" content=\"2026-01-16T15:58:25+00:00\" \/>\n<meta property=\"og:image\" content=\"https:\/\/bertheas.com\/wp-content\/uploads\/2022\/06\/logo-bertheas.png\" \/>\n\t<meta property=\"og:image:width\" content=\"175\" \/>\n\t<meta property=\"og:image:height\" content=\"90\" \/>\n\t<meta property=\"og:image:type\" content=\"image\/png\" \/>\n<meta name=\"twitter:card\" content=\"summary_large_image\" \/>\n<meta name=\"twitter:label1\" content=\"Gesch\u00e4tzte Lesezeit\" \/>\n\t<meta name=\"twitter:data1\" content=\"2\u00a0Minuten\" \/>\n<script type=\"application\/ld+json\" class=\"yoast-schema-graph\">{\"@context\":\"https:\\\/\\\/schema.org\",\"@graph\":[{\"@type\":\"WebPage\",\"@id\":\"https:\\\/\\\/bertheas.com\\\/de\\\/kontakt-und-infos\\\/\",\"url\":\"https:\\\/\\\/bertheas.com\\\/de\\\/kontakt-und-infos\\\/\",\"name\":\"Kontakt & Informationen - Berth\u00e9as\",\"isPartOf\":{\"@id\":\"https:\\\/\\\/bertheas.com\\\/#website\"},\"datePublished\":\"2022-06-16T13:44:37+00:00\",\"dateModified\":\"2026-01-16T15:58:25+00:00\",\"description\":\"Berth\u00e9as entwirft und produziert innovative Textilprodukte in Frankreich. Kontaktieren Sie uns, um Ihr Angebot zu erhalten.\",\"breadcrumb\":{\"@id\":\"https:\\\/\\\/bertheas.com\\\/de\\\/kontakt-und-infos\\\/#breadcrumb\"},\"inLanguage\":\"de\",\"potentialAction\":[{\"@type\":\"ReadAction\",\"target\":[\"https:\\\/\\\/bertheas.com\\\/de\\\/kontakt-und-infos\\\/\"]}]},{\"@type\":\"BreadcrumbList\",\"@id\":\"https:\\\/\\\/bertheas.com\\\/de\\\/kontakt-und-infos\\\/#breadcrumb\",\"itemListElement\":[{\"@type\":\"ListItem\",\"position\":1,\"name\":\"Accueil\",\"item\":\"https:\\\/\\\/bertheas.com\\\/de\\\/\"},{\"@type\":\"ListItem\",\"position\":2,\"name\":\"Kontakt und Infos\"}]},{\"@type\":\"WebSite\",\"@id\":\"https:\\\/\\\/bertheas.com\\\/#website\",\"url\":\"https:\\\/\\\/bertheas.com\\\/\",\"name\":\"Bertheas\",\"description\":\"Tissus \u00e9lastiques\",\"publisher\":{\"@id\":\"https:\\\/\\\/bertheas.com\\\/#organization\"},\"alternateName\":\"Bertheas, Fabricant de tissus \u00e9lastiques\",\"potentialAction\":[{\"@type\":\"SearchAction\",\"target\":{\"@type\":\"EntryPoint\",\"urlTemplate\":\"https:\\\/\\\/bertheas.com\\\/?s={search_term_string}\"},\"query-input\":{\"@type\":\"PropertyValueSpecification\",\"valueRequired\":true,\"valueName\":\"search_term_string\"}}],\"inLanguage\":\"de\"},{\"@type\":\"Organization\",\"@id\":\"https:\\\/\\\/bertheas.com\\\/#organization\",\"name\":\"Berth\u00e9as\",\"url\":\"https:\\\/\\\/bertheas.com\\\/\",\"logo\":{\"@type\":\"ImageObject\",\"inLanguage\":\"de\",\"@id\":\"https:\\\/\\\/bertheas.com\\\/#\\\/schema\\\/logo\\\/image\\\/\",\"url\":\"https:\\\/\\\/bertheas.com\\\/wp-content\\\/uploads\\\/2022\\\/06\\\/logo-bertheas.png\",\"contentUrl\":\"https:\\\/\\\/bertheas.com\\\/wp-content\\\/uploads\\\/2022\\\/06\\\/logo-bertheas.png\",\"width\":175,\"height\":90,\"caption\":\"Berth\u00e9as\"},\"image\":{\"@id\":\"https:\\\/\\\/bertheas.com\\\/#\\\/schema\\\/logo\\\/image\\\/\"}}]}<\/script>\n<!-- \/ Yoast SEO plugin. -->","yoast_head_json":{"title":"Kontakt & Informationen - Berth\u00e9as","description":"Berth\u00e9as entwirft und produziert innovative Textilprodukte in Frankreich. Kontaktieren Sie uns, um Ihr Angebot zu erhalten.","robots":{"index":"index","follow":"follow","max-snippet":"max-snippet:-1","max-image-preview":"max-image-preview:large","max-video-preview":"max-video-preview:-1"},"canonical":"https:\/\/bertheas.com\/de\/kontakt-und-infos\/","og_locale":"de_DE","og_type":"article","og_title":"Kontakt & Informationen - Berth\u00e9as","og_description":"Berth\u00e9as entwirft und produziert innovative Textilprodukte in Frankreich. Kontaktieren Sie uns, um Ihr Angebot zu erhalten.","og_url":"https:\/\/bertheas.com\/de\/kontakt-und-infos\/","og_site_name":"Berth\u00e9as","article_modified_time":"2026-01-16T15:58:25+00:00","og_image":[{"width":175,"height":90,"url":"https:\/\/bertheas.com\/wp-content\/uploads\/2022\/06\/logo-bertheas.png","type":"image\/png"}],"twitter_card":"summary_large_image","twitter_misc":{"Gesch\u00e4tzte Lesezeit":"2\u00a0Minuten"},"schema":{"@context":"https:\/\/schema.org","@graph":[{"@type":"WebPage","@id":"https:\/\/bertheas.com\/de\/kontakt-und-infos\/","url":"https:\/\/bertheas.com\/de\/kontakt-und-infos\/","name":"Kontakt & Informationen - Berth\u00e9as","isPartOf":{"@id":"https:\/\/bertheas.com\/#website"},"datePublished":"2022-06-16T13:44:37+00:00","dateModified":"2026-01-16T15:58:25+00:00","description":"Berth\u00e9as entwirft und produziert innovative Textilprodukte in Frankreich. Kontaktieren Sie uns, um Ihr Angebot zu erhalten.","breadcrumb":{"@id":"https:\/\/bertheas.com\/de\/kontakt-und-infos\/#breadcrumb"},"inLanguage":"de","potentialAction":[{"@type":"ReadAction","target":["https:\/\/bertheas.com\/de\/kontakt-und-infos\/"]}]},{"@type":"BreadcrumbList","@id":"https:\/\/bertheas.com\/de\/kontakt-und-infos\/#breadcrumb","itemListElement":[{"@type":"ListItem","position":1,"name":"Accueil","item":"https:\/\/bertheas.com\/de\/"},{"@type":"ListItem","position":2,"name":"Kontakt und Infos"}]},{"@type":"WebSite","@id":"https:\/\/bertheas.com\/#website","url":"https:\/\/bertheas.com\/","name":"Bertheas","description":"Tissus \u00e9lastiques","publisher":{"@id":"https:\/\/bertheas.com\/#organization"},"alternateName":"Bertheas, Fabricant de tissus \u00e9lastiques","potentialAction":[{"@type":"SearchAction","target":{"@type":"EntryPoint","urlTemplate":"https:\/\/bertheas.com\/?s={search_term_string}"},"query-input":{"@type":"PropertyValueSpecification","valueRequired":true,"valueName":"search_term_string"}}],"inLanguage":"de"},{"@type":"Organization","@id":"https:\/\/bertheas.com\/#organization","name":"Berth\u00e9as","url":"https:\/\/bertheas.com\/","logo":{"@type":"ImageObject","inLanguage":"de","@id":"https:\/\/bertheas.com\/#\/schema\/logo\/image\/","url":"https:\/\/bertheas.com\/wp-content\/uploads\/2022\/06\/logo-bertheas.png","contentUrl":"https:\/\/bertheas.com\/wp-content\/uploads\/2022\/06\/logo-bertheas.png","width":175,"height":90,"caption":"Berth\u00e9as"},"image":{"@id":"https:\/\/bertheas.com\/#\/schema\/logo\/image\/"}}]}},"_links":{"self":[{"href":"https:\/\/bertheas.com\/de\/wp-json\/wp\/v2\/pages\/2734","targetHints":{"allow":["GET"]}}],"collection":[{"href":"https:\/\/bertheas.com\/de\/wp-json\/wp\/v2\/pages"}],"about":[{"href":"https:\/\/bertheas.com\/de\/wp-json\/wp\/v2\/types\/page"}],"author":[{"embeddable":true,"href":"https:\/\/bertheas.com\/de\/wp-json\/wp\/v2\/users\/3"}],"replies":[{"embeddable":true,"href":"https:\/\/bertheas.com\/de\/wp-json\/wp\/v2\/comments?post=2734"}],"version-history":[{"count":2,"href":"https:\/\/bertheas.com\/de\/wp-json\/wp\/v2\/pages\/2734\/revisions"}],"predecessor-version":[{"id":23567,"href":"https:\/\/bertheas.com\/de\/wp-json\/wp\/v2\/pages\/2734\/revisions\/23567"}],"wp:attachment":[{"href":"https:\/\/bertheas.com\/de\/wp-json\/wp\/v2\/media?parent=2734"}],"curies":[{"name":"wp","href":"https:\/\/api.w.org\/{rel}","templated":true}]}}