{"id":2804,"date":"2022-06-21T10:52:32","date_gmt":"2022-06-21T08:52:32","guid":{"rendered":"https:\/\/bertheas.com\/legal-notice\/"},"modified":"2022-09-02T15:04:57","modified_gmt":"2022-09-02T13:04:57","slug":"legal-notice","status":"publish","type":"page","link":"https:\/\/bertheas.com\/de\/legal-notice\/","title":{"rendered":"Legal notice"},"content":{"rendered":"<p>[et_pb_section fb_built=&#8220;1&#8243; _builder_version=&#8220;4.17.4&#8243; _module_preset=&#8220;default&#8220; global_colors_info=&#8220;{}&#8220;][et_pb_row _builder_version=&#8220;4.17.4&#8243; _module_preset=&#8220;default&#8220; global_colors_info=&#8220;{}&#8220;][et_pb_column type=&#8220;4_4&#8243; _builder_version=&#8220;4.17.4&#8243; _module_preset=&#8220;default&#8220; global_colors_info=&#8220;{}&#8220;][et_pb_text _builder_version=&#8220;4.17.4&#8243; _module_preset=&#8220;default&#8220; global_colors_info=&#8220;{}&#8220;]<\/p>\n<h1>Legal notice<\/h1>\n<p>[\/et_pb_text][et_pb_divider color=&#8220;#E15F33&#8243; divider_weight=&#8220;3px&#8220; _builder_version=&#8220;4.17.4&#8243; _module_preset=&#8220;default&#8220; global_module=&#8220;1446&#8243; global_colors_info=&#8220;{}&#8220;][\/et_pb_divider][et_pb_text _builder_version=&#8220;4.17.4&#8243; _module_preset=&#8220;default&#8220; hover_enabled=&#8220;0&#8243; global_colors_info=&#8220;{}&#8220; sticky_enabled=&#8220;0&#8243;]<\/p>\n<h3>1. Presentation of the site<\/h3>\n<p>In accordance with the provisions of Articles 6-III and 19 of Law No. 2004-575 of 21 June 2004 for the Trust in the digital economy, known as LCEN, we bring to the attention of users and visitors of the site <a href=\"https:\/\/bertheas.com\/de\/\">bertheas.com<\/a> the following information:<\/p>\n<p><strong>Company Name:<\/strong> Bertheas Address: 10 all\u00e9e l\u00e9onard de Vinci, Parc d\u2019activit\u00e9 de Stelytec, 42401 Saint-Chamond Cedex<br \/>\n<strong>webdesigner<\/strong> :<a href=\"https:\/\/laurentholdrinet.com\/\">Laurent Holdrinet<\/a><br \/>\n<strong>Responsible of publication<\/strong> : Laurent Leport \u2013 &#x69;n&#x66;&#111;&#x40;&#98;e&#x72;t&#x68;&#101;&#x61;&#115;&#46;&#x63;&#111;&#x6d;<br \/>\nThe person responsible for the publication is a legal person.<br \/>\n<strong>Webmaster :<\/strong> Laurent Leport \u2013 &#x69;&#110;f&#x6f;&#x40;&#98;e&#x72;&#116;h&#x65;&#x61;&#115;&#46;&#x63;&#111;m<br \/>\n<strong>Host of the site<\/strong>: ADISTA &#8211; 1 Rue de la Presse, 42000 Saint-\u00c9tienne &#8211; France<\/p>\n<h3>2. General conditions of use of the site and the services offered.<\/h3>\n<p>Use of the <a href=\"https:\/\/bertheas.com\/de\/\">bertheas.com<\/a> site implies full acceptance of the general conditions of use described below. These conditions of use may be modified or supplemented at any time, users of the <a href=\"https:\/\/bertheas.com\/de\/\">bertheas.com<\/a> website are therefore invited to consult them regularly.<\/p>\n<p>This site is normally accessible to users at any time. An interruption due to technical maintenance may however be decided by Berth\u00e9as, who will then endeavor to communicate to users before the dates and times of the intervention. <\/p>\n<p>The <a href=\"https:\/\/bertheas.com\/de\/\">bertheas.com<\/a> site is updated regularly by Laurent Leport. In the same way, the legal notices can be modified at any time: they nevertheless impose themselves on the user who is invited to refer to them as often as possible in order to become acquainted with them.<\/p>\n<h3>3. Description of services provided.<\/h3>\n<p>The purpose of the <a href=\"https:\/\/bertheas.com\/de\/\">bertheas.com<\/a>site is to provide information concerning all of the company&#8217;s activities.<\/p>\n<p>Berth\u00e9as strives to provide information on the <a href=\"https:\/\/bertheas.com\/de\/\">bertheas.com<\/a> site that is as accurate as possible. However, it cannot be held responsible for omissions, inaccuracies and deficiencies in the update, whether by itself or by the third party partners who provide it with this information.<\/p>\n<p>All the information indicated on the <a href=\"https:\/\/bertheas.com\/de\/\">bertheas.com<\/a> website is given for information only, and is subject to change. Furthermore, the information on the<a href=\"https:\/\/bertheas.com\/de\/\">bertheas.com<\/a> site is not exhaustive. They are given subject to modifications having been made since they were put online.<\/p>\n<h3>4. Contractual Limitations on Technical Data.<\/h3>\n<p>The site uses JavaScript technology.<\/p>\n<p>The website cannot be held responsible for material damage related to the use of the site. In addition, the user of the site agrees to access the site using recent equipment, not containing viruses and with an updated latest generation browser. <\/p>\n<h3>5. Intellectual Property and Infringements.<\/h3>\n<p>Berth\u00e9as is the owner of the intellectual property rights or holds the rights of use on all the elements accessible on the site, in particular the texts, images, graphics, logo, icons, sounds, software.<\/p>\n<p>Any reproduction, representation, modification, publication, adaptation of all or part of the elements of the site, whatever the means or process used, is prohibited, except with the prior written authorization of Berth\u00e9as.<\/p>\n<p>Any unauthorized use of the site or any of the elements it contains will be considered as constituting an infringement and prosecuted in accordance with the provisions of articles L.335-2 and following of the Intellectual Property Code.<\/p>\n<h3>6. Limitation of Liability.<\/h3>\n<p>Berth\u00e9as cannot be held liable for direct or indirect damage caused to the user&#8217;s equipment, when accessing the bertheas.com site, and resulting either from the use of equipment that does not meet the specifications indicated in point 4, either the appearance of a bug or an incompatibility.<\/p>\n<p>Berth\u00e9as cannot also be held liable for consequential damages (such as loss of market or loss of opportunity) resulting from the use of the <a href=\"https:\/\/bertheas.com\/de\/\">bertheas.com<\/a> site.<\/p>\n<p>Interactive spaces (possibility to ask questions in the contact space) are available to users. Berth\u00e9as reserves the right to delete, without prior notice, any content posted in this space that would contravene the legislation applicable in France, in particular the provisions relating to data protection. Where appropriate, Berth\u00e9as also reserves the right to challenge the user&#8217;s civil and\/or criminal liability, particularly in the event of a racist, abusive, defamatory or pornographic message, regardless of the medium used (text , photography\u2026).<\/p>\n<h3>7. Management of personal data.<\/h3>\n<p>In France, personal data is notably protected by law n\u00b0 78-87 of January 6, 1978, law n\u00b0 2004-801 of August 6, 2004, article L. 226-13 of the Penal Code and the European Directive of October 24, 1995.<\/p>\n<p>When using the <a href=\"https:\/\/bertheas.com\/de\/\">bertheas.com<\/a> site, the following may be collected: the URL of the links through which the user accessed the <a href=\"https:\/\/bertheas.com\/de\/\">bertheas.com<\/a> site, the user&#8217;s access provider, the Internet Protocol (IP) address of the user.<\/p>\n<p>In any case, Berth\u00e9as only collects personal information relating to the user for the needs of certain services offered by the <a href=\"https:\/\/bertheas.com\/de\/\">bertheas.com<\/a> site. The user provides this information with full knowledge of the facts, in particular when he enters it himself. It is then specified to the user of the <a href=\"https:\/\/bertheas.com\/de\/\">bertheas.com<\/a> website whether he must provide this information or not.<\/p>\n<p>In accordance with the provisions of articles 38 and following of law 78-17 of January 6, 1978 relating to data processing, files and freedoms, any user has a right of access, rectification and opposition to personal data. concerning him, by making his written and signed request, accompanied by a copy of the identity document with signature of the holder of the document, specifying the address to which the answer must be sent.<\/p>\n<p>No personal information of the user of the <a href=\"https:\/\/bertheas.com\/de\/\">bertheas.com<\/a> site is published without the knowledge of the user, exchanged, transferred, assigned or sold on any medium whatsoever to third parties. Only the assumption of the redemption of Berth\u00e9as and its rights would allow the transmission of said information to the prospective purchaser who would in turn be bound by the same obligation to store and modify data with respect to the user of the site <a href=\"https:\/\/bertheas.com\/de\/\">bertheas.com<\/a>.<\/p>\n<p>The site is not declared to the CNIL because it does not collect personal information.<\/p>\n<p>The databases are protected by the provisions of the law of July 1, 1998 transposing directive 96\/9 of March 11, 1996 relating to the legal protection of databases.<\/p>\n<h3>8. Hypertext links and cookies.<\/h3>\n<p>The <a href=\"https:\/\/bertheas.com\/de\/\">bertheas.com<\/a>site contains a certain number of hypertext links to other sites, set up with the authorization of Berth\u00e9as. However, Berth\u00e9as does not have the possibility of verifying the content of the sites thus visited, and therefore assumes no liability in this regard.<\/p>\n<p>Browsing on the <a href=\"https:\/\/bertheas.com\/de\/\">bertheas.com<\/a> site is likely to cause the installation of cookie(s) on the user&#8217;s computer. A cookie is a small file, which does not allow the identification of the user, but which records information relating to the navigation of a computer on a site. The data thus obtained are intended to facilitate subsequent navigation on the site, and are also intended to allow various measures of attendance.<\/p>\n<p>Refusal to install a cookie may make it impossible to access certain services. However, the user can configure his computer as follows to refuse the installation of cookies:<\/p>\n<p>Under Internet Explorer: tool tab (pictogram in the form of a cog at the top right) \/ internet options. Click on Privacy and choose Block all cookies. Click Ok.<\/p>\n<p>Under Firefox: at the top of the browser window, click on the Firefox button, then go to the Options tab. Click on the Privacy tab. Set the Retention rules to: use custom settings for history. Finally uncheck it to disable cookies.\n <\/p>\n<p>Under Safari: Click at the top right of the browser on the menu icon (symbolized by a cog). Select Settings. Click Show advanced settings. In the &#8222;Privacy&#8220; section, click Content settings. In the &#8222;Cookies&#8220; section, you can block cookies.    <\/p>\n<p>In Chrome: Click at the top right of the browser on the menu icon (symbolized by three horizontal lines). Select Settings. Click Show advanced settings. In the &#8222;Privacy&#8220; section, click on preferences. In the &#8222;Privacy&#8220; tab, you can block cookies.    <\/p>\n<h3>9. Governing Law and Jurisdiction.<\/h3>\n<p>Any dispute in connection with the use of the <a href=\"https:\/\/bertheas.com\/de\/\">bertheas.com<\/a> site is subject to French law. Exclusive jurisdiction is given to the competent courts of Paris.<\/p>\n<h3>10. The main laws concerned.<\/h3>\n<p>Law n\u00b0 78-17 of January 6, 1978, notably modified by law n\u00b0 2004-801 of August 6, 2004 relating to data processing, files and freedoms.<\/p>\n<p> Law n\u00b0 2004-575 of June 21, 2004 for confidence in the digital economy.<\/p>\n<h3>11. Glossary.<\/h3>\n<p>User: Internet user connecting, using the aforementioned site.<\/p>\n<p>Personal information: \u201cinformation which allows, in any form whatsoever, directly or indirectly, the identification of the natural persons to whom it applies\u201d (article 4 of law n\u00b0 78-17 of January 6, 1978).<\/p>\n<p>[\/et_pb_text][\/et_pb_column][\/et_pb_row][\/et_pb_section]<\/p>\n","protected":false},"excerpt":{"rendered":"<p>Legal notice1. Presentation of the site In accordance with the provisions of Articles 6-III and 19 of Law No. 2004-575 of 21 June 2004 for the Trust in the digital economy, known as LCEN, we bring to the attention of users and visitors of the site bertheas.com the following information: Company Name: Bertheas Address: 10 [&hellip;]<\/p>\n","protected":false},"author":2,"featured_media":0,"parent":0,"menu_order":0,"comment_status":"closed","ping_status":"closed","template":"","meta":{"_et_pb_use_builder":"on","_et_pb_old_content":"","_et_gb_content_width":"","footnotes":""},"class_list":["post-2804","page","type-page","status-publish","hentry"],"yoast_head":"<!-- This site is optimized with the Yoast SEO plugin v27.3 - https:\/\/yoast.com\/product\/yoast-seo-wordpress\/ -->\n<title>Legal notice - Berth\u00e9as<\/title>\n<meta name=\"description\" content=\"Fabricant fran\u00e7ais de tissus \u00e9lastiques et techniques, Berth\u00e9as met \u00e0 votre service 40 ans d\u2019expertise pour des produits innovants, personnalis\u00e9s et adapt\u00e9s \u00e0 vos besoins.\" \/>\n<meta name=\"robots\" content=\"index, follow, max-snippet:-1, max-image-preview:large, max-video-preview:-1\" \/>\n<link rel=\"canonical\" href=\"https:\/\/bertheas.com\/de\/legal-notice\/\" \/>\n<meta property=\"og:locale\" content=\"de_DE\" \/>\n<meta property=\"og:type\" content=\"article\" \/>\n<meta property=\"og:title\" content=\"Legal notice - Berth\u00e9as\" \/>\n<meta property=\"og:description\" content=\"Fabricant fran\u00e7ais de tissus \u00e9lastiques et techniques, Berth\u00e9as met \u00e0 votre service 40 ans d\u2019expertise pour des produits innovants, personnalis\u00e9s et adapt\u00e9s \u00e0 vos besoins.\" \/>\n<meta property=\"og:url\" content=\"https:\/\/bertheas.com\/de\/legal-notice\/\" \/>\n<meta property=\"og:site_name\" content=\"Berth\u00e9as\" \/>\n<meta property=\"article:modified_time\" content=\"2022-09-02T13:04:57+00:00\" \/>\n<meta property=\"og:image\" content=\"https:\/\/bertheas.com\/wp-content\/uploads\/2022\/06\/logo-bertheas.png\" \/>\n\t<meta property=\"og:image:width\" content=\"175\" \/>\n\t<meta property=\"og:image:height\" content=\"90\" \/>\n\t<meta property=\"og:image:type\" content=\"image\/png\" \/>\n<meta name=\"twitter:card\" content=\"summary_large_image\" \/>\n<meta name=\"twitter:label1\" content=\"Gesch\u00e4tzte Lesezeit\" \/>\n\t<meta name=\"twitter:data1\" content=\"7\u00a0Minuten\" \/>\n<script type=\"application\/ld+json\" class=\"yoast-schema-graph\">{\"@context\":\"https:\\\/\\\/schema.org\",\"@graph\":[{\"@type\":\"WebPage\",\"@id\":\"https:\\\/\\\/bertheas.com\\\/de\\\/legal-notice\\\/\",\"url\":\"https:\\\/\\\/bertheas.com\\\/de\\\/legal-notice\\\/\",\"name\":\"Legal notice - Berth\u00e9as\",\"isPartOf\":{\"@id\":\"https:\\\/\\\/bertheas.com\\\/#website\"},\"datePublished\":\"2022-06-21T08:52:32+00:00\",\"dateModified\":\"2022-09-02T13:04:57+00:00\",\"description\":\"Fabricant fran\u00e7ais de tissus \u00e9lastiques et techniques, Berth\u00e9as met \u00e0 votre service 40 ans d\u2019expertise pour des produits innovants, personnalis\u00e9s et adapt\u00e9s \u00e0 vos besoins.\",\"breadcrumb\":{\"@id\":\"https:\\\/\\\/bertheas.com\\\/de\\\/legal-notice\\\/#breadcrumb\"},\"inLanguage\":\"de\",\"potentialAction\":[{\"@type\":\"ReadAction\",\"target\":[\"https:\\\/\\\/bertheas.com\\\/de\\\/legal-notice\\\/\"]}]},{\"@type\":\"BreadcrumbList\",\"@id\":\"https:\\\/\\\/bertheas.com\\\/de\\\/legal-notice\\\/#breadcrumb\",\"itemListElement\":[{\"@type\":\"ListItem\",\"position\":1,\"name\":\"Accueil\",\"item\":\"https:\\\/\\\/bertheas.com\\\/de\\\/\"},{\"@type\":\"ListItem\",\"position\":2,\"name\":\"Legal notice\"}]},{\"@type\":\"WebSite\",\"@id\":\"https:\\\/\\\/bertheas.com\\\/#website\",\"url\":\"https:\\\/\\\/bertheas.com\\\/\",\"name\":\"Bertheas\",\"description\":\"Tissus \u00e9lastiques\",\"publisher\":{\"@id\":\"https:\\\/\\\/bertheas.com\\\/#organization\"},\"alternateName\":\"Bertheas, Fabricant de tissus \u00e9lastiques\",\"potentialAction\":[{\"@type\":\"SearchAction\",\"target\":{\"@type\":\"EntryPoint\",\"urlTemplate\":\"https:\\\/\\\/bertheas.com\\\/?s={search_term_string}\"},\"query-input\":{\"@type\":\"PropertyValueSpecification\",\"valueRequired\":true,\"valueName\":\"search_term_string\"}}],\"inLanguage\":\"de\"},{\"@type\":\"Organization\",\"@id\":\"https:\\\/\\\/bertheas.com\\\/#organization\",\"name\":\"Berth\u00e9as\",\"url\":\"https:\\\/\\\/bertheas.com\\\/\",\"logo\":{\"@type\":\"ImageObject\",\"inLanguage\":\"de\",\"@id\":\"https:\\\/\\\/bertheas.com\\\/#\\\/schema\\\/logo\\\/image\\\/\",\"url\":\"https:\\\/\\\/bertheas.com\\\/wp-content\\\/uploads\\\/2022\\\/06\\\/logo-bertheas.png\",\"contentUrl\":\"https:\\\/\\\/bertheas.com\\\/wp-content\\\/uploads\\\/2022\\\/06\\\/logo-bertheas.png\",\"width\":175,\"height\":90,\"caption\":\"Berth\u00e9as\"},\"image\":{\"@id\":\"https:\\\/\\\/bertheas.com\\\/#\\\/schema\\\/logo\\\/image\\\/\"}}]}<\/script>\n<!-- \/ Yoast SEO plugin. -->","yoast_head_json":{"title":"Legal notice - Berth\u00e9as","description":"Fabricant fran\u00e7ais de tissus \u00e9lastiques et techniques, Berth\u00e9as met \u00e0 votre service 40 ans d\u2019expertise pour des produits innovants, personnalis\u00e9s et adapt\u00e9s \u00e0 vos besoins.","robots":{"index":"index","follow":"follow","max-snippet":"max-snippet:-1","max-image-preview":"max-image-preview:large","max-video-preview":"max-video-preview:-1"},"canonical":"https:\/\/bertheas.com\/de\/legal-notice\/","og_locale":"de_DE","og_type":"article","og_title":"Legal notice - Berth\u00e9as","og_description":"Fabricant fran\u00e7ais de tissus \u00e9lastiques et techniques, Berth\u00e9as met \u00e0 votre service 40 ans d\u2019expertise pour des produits innovants, personnalis\u00e9s et adapt\u00e9s \u00e0 vos besoins.","og_url":"https:\/\/bertheas.com\/de\/legal-notice\/","og_site_name":"Berth\u00e9as","article_modified_time":"2022-09-02T13:04:57+00:00","og_image":[{"width":175,"height":90,"url":"https:\/\/bertheas.com\/wp-content\/uploads\/2022\/06\/logo-bertheas.png","type":"image\/png"}],"twitter_card":"summary_large_image","twitter_misc":{"Gesch\u00e4tzte Lesezeit":"7\u00a0Minuten"},"schema":{"@context":"https:\/\/schema.org","@graph":[{"@type":"WebPage","@id":"https:\/\/bertheas.com\/de\/legal-notice\/","url":"https:\/\/bertheas.com\/de\/legal-notice\/","name":"Legal notice - Berth\u00e9as","isPartOf":{"@id":"https:\/\/bertheas.com\/#website"},"datePublished":"2022-06-21T08:52:32+00:00","dateModified":"2022-09-02T13:04:57+00:00","description":"Fabricant fran\u00e7ais de tissus \u00e9lastiques et techniques, Berth\u00e9as met \u00e0 votre service 40 ans d\u2019expertise pour des produits innovants, personnalis\u00e9s et adapt\u00e9s \u00e0 vos besoins.","breadcrumb":{"@id":"https:\/\/bertheas.com\/de\/legal-notice\/#breadcrumb"},"inLanguage":"de","potentialAction":[{"@type":"ReadAction","target":["https:\/\/bertheas.com\/de\/legal-notice\/"]}]},{"@type":"BreadcrumbList","@id":"https:\/\/bertheas.com\/de\/legal-notice\/#breadcrumb","itemListElement":[{"@type":"ListItem","position":1,"name":"Accueil","item":"https:\/\/bertheas.com\/de\/"},{"@type":"ListItem","position":2,"name":"Legal notice"}]},{"@type":"WebSite","@id":"https:\/\/bertheas.com\/#website","url":"https:\/\/bertheas.com\/","name":"Bertheas","description":"Tissus \u00e9lastiques","publisher":{"@id":"https:\/\/bertheas.com\/#organization"},"alternateName":"Bertheas, Fabricant de tissus \u00e9lastiques","potentialAction":[{"@type":"SearchAction","target":{"@type":"EntryPoint","urlTemplate":"https:\/\/bertheas.com\/?s={search_term_string}"},"query-input":{"@type":"PropertyValueSpecification","valueRequired":true,"valueName":"search_term_string"}}],"inLanguage":"de"},{"@type":"Organization","@id":"https:\/\/bertheas.com\/#organization","name":"Berth\u00e9as","url":"https:\/\/bertheas.com\/","logo":{"@type":"ImageObject","inLanguage":"de","@id":"https:\/\/bertheas.com\/#\/schema\/logo\/image\/","url":"https:\/\/bertheas.com\/wp-content\/uploads\/2022\/06\/logo-bertheas.png","contentUrl":"https:\/\/bertheas.com\/wp-content\/uploads\/2022\/06\/logo-bertheas.png","width":175,"height":90,"caption":"Berth\u00e9as"},"image":{"@id":"https:\/\/bertheas.com\/#\/schema\/logo\/image\/"}}]}},"_links":{"self":[{"href":"https:\/\/bertheas.com\/de\/wp-json\/wp\/v2\/pages\/2804","targetHints":{"allow":["GET"]}}],"collection":[{"href":"https:\/\/bertheas.com\/de\/wp-json\/wp\/v2\/pages"}],"about":[{"href":"https:\/\/bertheas.com\/de\/wp-json\/wp\/v2\/types\/page"}],"author":[{"embeddable":true,"href":"https:\/\/bertheas.com\/de\/wp-json\/wp\/v2\/users\/2"}],"replies":[{"embeddable":true,"href":"https:\/\/bertheas.com\/de\/wp-json\/wp\/v2\/comments?post=2804"}],"version-history":[{"count":0,"href":"https:\/\/bertheas.com\/de\/wp-json\/wp\/v2\/pages\/2804\/revisions"}],"wp:attachment":[{"href":"https:\/\/bertheas.com\/de\/wp-json\/wp\/v2\/media?parent=2804"}],"curies":[{"name":"wp","href":"https:\/\/api.w.org\/{rel}","templated":true}]}}