{"id":10699,"date":"2025-09-12T15:59:44","date_gmt":"2025-09-12T13:59:44","guid":{"rendered":"https:\/\/bertheas.com\/?page_id=10699"},"modified":"2026-01-16T18:44:28","modified_gmt":"2026-01-16T17:44:28","slug":"industrial-manufacturing","status":"publish","type":"page","link":"https:\/\/bertheas.com\/en\/industrial-manufacturing\/","title":{"rendered":"Industrial manufacturing"},"content":{"rendered":"<p>[et_pb_section fb_built=&#8221;1&#8243; admin_label=&#8221;notre histoire&#8221; _builder_version=&#8221;4.27.5&#8243; _module_preset=&#8221;default&#8221; hover_enabled=&#8221;0&#8243; collapsed=&#8221;off&#8221; global_colors_info=&#8221;{}&#8221; sticky_enabled=&#8221;0&#8243;][et_pb_row _builder_version=&#8221;4.17.4&#8243; _module_preset=&#8221;default&#8221; custom_padding=&#8221;||0px||false|false&#8221; global_colors_info=&#8221;{}&#8221;][et_pb_column type=&#8221;4_4&#8243; _builder_version=&#8221;4.17.4&#8243; _module_preset=&#8221;default&#8221; global_colors_info=&#8221;{}&#8221;][et_pb_text _builder_version=&#8221;4.27.5&#8243; _module_preset=&#8221;default&#8221; header_2_text_color=&#8221;#E15F33&#8243; global_colors_info=&#8221;{}&#8221;]<\/p>\n<h1>Industrial manufacturing<\/h1>\n<h2>Our integrated know-how<\/h2>\n<p>[\/et_pb_text][et_pb_divider color=&#8221;#E15F33&#8243; divider_weight=&#8221;3px&#8221; _builder_version=&#8221;4.27.4&#8243; _module_preset=&#8221;default&#8221; width=&#8221;122px&#8221; module_alignment=&#8221;left&#8221; global_module=&#8221;1446&#8243; saved_tabs=&#8221;all&#8221; global_colors_info=&#8221;{}&#8221;][\/et_pb_divider][et_pb_text _builder_version=&#8221;4.27.4&#8243; _module_preset=&#8221;default&#8221; text_text_color=&#8221;#144487&#8243; text_font_size=&#8221;21px&#8221; text_line_height=&#8221;1.4em&#8221; text_font_size_tablet=&#8221;21px&#8221; text_font_size_phone=&#8221;18px&#8221; text_font_size_last_edited=&#8221;on|phone&#8221; locked=&#8221;off&#8221; global_colors_info=&#8221;{}&#8221;]Comprehensive know-how combining tradition, precision and innovation.[\/et_pb_text][\/et_pb_column][\/et_pb_row][\/et_pb_section][et_pb_section fb_built=&#8221;1&#8243; admin_label=&#8221;savoirfaire&#8221; _builder_version=&#8221;4.27.5&#8243; _module_preset=&#8221;default&#8221; collapsed=&#8221;on&#8221; global_colors_info=&#8221;{}&#8221;][et_pb_row column_structure=&#8221;1_3,2_3&#8243; use_custom_gutter=&#8221;on&#8221; gutter_width=&#8221;1&#8243; _builder_version=&#8221;4.27.4&#8243; _module_preset=&#8221;default&#8221; background_enable_color=&#8221;off&#8221; custom_margin=&#8221;||44px||false|false&#8221; custom_padding=&#8221;0px||0px||true|false&#8221; border_radii=&#8221;on|22px|22px|22px|22px&#8221; border_color_all=&#8221;rgba(20,68,135,0.2)&#8221; box_shadow_style=&#8221;preset3&#8243; global_colors_info=&#8221;{}&#8221;][et_pb_column type=&#8221;1_3&#8243; _builder_version=&#8221;4.27.4&#8243; _module_preset=&#8221;default&#8221; custom_padding=&#8221;22px|22px|22px|22px|true|true&#8221; border_radii=&#8221;on|22px|22px|22px|22px&#8221; global_colors_info=&#8221;{}&#8221;][et_pb_image src=&#8221;https:\/\/bertheas.com\/wp-content\/uploads\/2025\/10\/BERTHEAS_ourdissage_tissu_w770.jpg&#8221; alt=&#8221;BERTHEAS_ourdissage_tissu_w770&#8243; title_text=&#8221;Berth\u00e9as-ancienne-usine1&#8243; show_bottom_space=&#8221;off&#8221; _builder_version=&#8221;4.27.4&#8243; _module_preset=&#8221;default&#8221; border_radii=&#8221;on|22px|22px|22px|22px&#8221; global_colors_info=&#8221;{}&#8221;][\/et_pb_image][\/et_pb_column][et_pb_column type=&#8221;2_3&#8243; _builder_version=&#8221;4.27.4&#8243; _module_preset=&#8221;default&#8221; custom_padding=&#8221;22px|22px|22px|22px|true|true&#8221; border_radii=&#8221;on|22px|22px|22px|22px&#8221; global_colors_info=&#8221;{}&#8221;][et_pb_text _builder_version=&#8221;4.27.4&#8243; _module_preset=&#8221;default&#8221; header_3_font_size=&#8221;26px&#8221; background_enable_color=&#8221;off&#8221; global_colors_info=&#8221;{}&#8221;]<\/p>\n<h3>Warping<\/h3>\n<h4 class=\"orange\">Integrated preparation of materials<\/h4>\n<p>Our sectional and direct warping machines allow us to quickly adapt to demand.<\/p>\n<p>As technology, trends, and sustainability evolve, traditional fibers such as cotton or natural rubber have gradually been replaced by polyamides, microfiber polyamides, Airtex, polyester, microfiber polypropylene, and elastane.<\/p>\n<p>[\/et_pb_text][\/et_pb_column][\/et_pb_row][et_pb_row column_structure=&#8221;1_3,2_3&#8243; use_custom_gutter=&#8221;on&#8221; gutter_width=&#8221;1&#8243; _builder_version=&#8221;4.27.4&#8243; _module_preset=&#8221;default&#8221; background_enable_color=&#8221;off&#8221; custom_margin=&#8221;||44px||false|false&#8221; custom_padding=&#8221;0px||0px||true|false&#8221; border_radii=&#8221;on|22px|22px|22px|22px&#8221; border_color_all=&#8221;rgba(20,68,135,0.2)&#8221; box_shadow_style=&#8221;preset3&#8243; global_colors_info=&#8221;{}&#8221;][et_pb_column type=&#8221;1_3&#8243; _builder_version=&#8221;4.27.4&#8243; _module_preset=&#8221;default&#8221; custom_padding=&#8221;22px|22px|22px|22px|true|true&#8221; border_radii=&#8221;on|22px|22px|22px|22px&#8221; global_colors_info=&#8221;{}&#8221;][et_pb_image src=&#8221;https:\/\/bertheas.com\/wp-content\/uploads\/2025\/10\/BERTHEAS_tissage_tissu_w770.jpg&#8221; alt=&#8221;BERTHEAS_tissage_tissu_w770&#8243; title_text=&#8221;Berth\u00e9as-ancienne-usine1&#8243; show_bottom_space=&#8221;off&#8221; _builder_version=&#8221;4.27.4&#8243; _module_preset=&#8221;default&#8221; custom_margin=&#8221;||||false|false&#8221; border_radii=&#8221;on|22px|22px|22px|22px&#8221; global_colors_info=&#8221;{}&#8221;][\/et_pb_image][\/et_pb_column][et_pb_column type=&#8221;2_3&#8243; _builder_version=&#8221;4.27.4&#8243; _module_preset=&#8221;default&#8221; custom_padding=&#8221;22px|22px|22px|22px|true|true&#8221; border_radii=&#8221;on|22px|22px|22px|22px&#8221; global_colors_info=&#8221;{}&#8221;][et_pb_text _builder_version=&#8221;4.27.4&#8243; _module_preset=&#8221;default&#8221; header_3_font_size=&#8221;26px&#8221; background_enable_color=&#8221;off&#8221; global_colors_info=&#8221;{}&#8221;]<\/p>\n<h3>Weaving<\/h3>\n<h4 class=\"orange\">Warp and weft<\/h4>\n<p>With 90 years of experience and a fleet of more than 100 trades, Berth\u00e9as offers a flexible and complete industrial capacity to produce many types of fabrics and elastic ribbons.<\/p>\n<p>Depending on the function of the requested items, we can deliver products widths ranging from 15 to 320 mm.<\/p>\n<p>Feel free to contact us to discover our full ranges in particular through our 3d article structures, hook-and-loop, pocket openwork or bi-elastic.[\/et_pb_text][\/et_pb_column][\/et_pb_row][et_pb_row column_structure=&#8221;1_3,2_3&#8243; use_custom_gutter=&#8221;on&#8221; gutter_width=&#8221;1&#8243; _builder_version=&#8221;4.27.4&#8243; _module_preset=&#8221;default&#8221; background_enable_color=&#8221;off&#8221; custom_margin=&#8221;||44px||false|false&#8221; custom_padding=&#8221;0px||0px||true|false&#8221; border_radii=&#8221;on|22px|22px|22px|22px&#8221; border_color_all=&#8221;rgba(20,68,135,0.2)&#8221; box_shadow_style=&#8221;preset3&#8243; global_colors_info=&#8221;{}&#8221;][et_pb_column type=&#8221;1_3&#8243; _builder_version=&#8221;4.27.4&#8243; _module_preset=&#8221;default&#8221; custom_padding=&#8221;22px|22px|22px|22px|true|true&#8221; border_radii=&#8221;on|22px|22px|22px|22px&#8221; global_colors_info=&#8221;{}&#8221;][et_pb_image src=&#8221;https:\/\/bertheas.com\/wp-content\/uploads\/2025\/10\/BERTHEAS_finition_tissu_w770.jpg&#8221; alt=&#8221;BERTHEAS_finition_tissu_w770&#8243; title_text=&#8221;Berth\u00e9as-ancienne-usine1&#8243; show_bottom_space=&#8221;off&#8221; _builder_version=&#8221;4.27.4&#8243; _module_preset=&#8221;default&#8221; custom_margin=&#8221;||||false|false&#8221; border_radii=&#8221;on|22px|22px|22px|22px&#8221; global_colors_info=&#8221;{}&#8221;][\/et_pb_image][\/et_pb_column][et_pb_column type=&#8221;2_3&#8243; _builder_version=&#8221;4.27.4&#8243; _module_preset=&#8221;default&#8221; custom_padding=&#8221;22px|22px|22px|22px|true|true&#8221; border_radii=&#8221;on|22px|22px|22px|22px&#8221; global_colors_info=&#8221;{}&#8221;][et_pb_text _builder_version=&#8221;4.27.4&#8243; _module_preset=&#8221;default&#8221; header_3_font_size=&#8221;26px&#8221; background_enable_color=&#8221;off&#8221; custom_margin=&#8221;||33px||false|false&#8221; global_colors_info=&#8221;{}&#8221;]<\/p>\n<h3>Finishing<\/h3>\n<h4 class=\"orange\">Primers, dyes and special finishing<\/h4>\n<p>We offer a wide range of finishing tools for our tapes.<\/p>\n<p>For all unbleached woven ribbons, many dyeing modes are possible depending on price constraints, the desired colors and shades.<\/p>\n<p>We provide a full range of coatings to give your textiles softness, durability, and protection according to your needs.<\/p>\n<p>High customization is possible till the end of the process by embossing of custom pattern or by laser engraving.[\/et_pb_text][\/et_pb_column][\/et_pb_row][\/et_pb_section][et_pb_section fb_built=&#8221;1&#8243; admin_label=&#8221;savoirfaire&#8221; module_id=&#8221;continuous-improvement&#8221; _builder_version=&#8221;4.27.5&#8243; _module_preset=&#8221;default&#8221; custom_margin=&#8221;||44px||false|false&#8221; hover_enabled=&#8221;0&#8243; collapsed=&#8221;on&#8221; global_colors_info=&#8221;{}&#8221; sticky_enabled=&#8221;0&#8243;][et_pb_row column_structure=&#8221;1_4,3_4&#8243; use_custom_gutter=&#8221;on&#8221; gutter_width=&#8221;1&#8243; make_equal=&#8221;on&#8221; _builder_version=&#8221;4.27.4&#8243; _module_preset=&#8221;default&#8221; background_enable_color=&#8221;off&#8221; custom_padding=&#8221;|77px|||false|false&#8221; custom_css_main_element=&#8221;align-items:center;&#8221; border_radii=&#8221;on|22px|22px|22px|22px&#8221; box_shadow_style=&#8221;preset3&#8243; global_colors_info=&#8221;{}&#8221;][et_pb_column type=&#8221;1_4&#8243; _builder_version=&#8221;4.27.4&#8243; _module_preset=&#8221;default&#8221; global_colors_info=&#8221;{}&#8221;][et_pb_image src=&#8221;https:\/\/bertheas.com\/wp-content\/uploads\/2025\/09\/BERTHEAS_picto_reseau_partenaires_x160.png&#8221; title_text=&#8221;BERTHEAS_picto_reseau_partenaires_x160&#8243; align=&#8221;center&#8221; _builder_version=&#8221;4.27.4&#8243; _module_preset=&#8221;default&#8221; global_colors_info=&#8221;{}&#8221;][\/et_pb_image][\/et_pb_column][et_pb_column type=&#8221;3_4&#8243; _builder_version=&#8221;4.27.4&#8243; _module_preset=&#8221;default&#8221; global_colors_info=&#8221;{}&#8221;][et_pb_text _builder_version=&#8221;4.27.4&#8243; _module_preset=&#8221;default&#8221; text_font=&#8221;||||||||&#8221; text_font_size=&#8221;18px&#8221; global_colors_info=&#8221;{}&#8221;]<\/p>\n<h3>Partner network<\/h3>\n<p>Nous travaillons avec un r\u00e9seau r\u00e9actif de partenaires locaux pour proposer des produits semi-finis ou complets. Ce r\u00e9seau permet d\u2019<b>int\u00e9grer des finitions compl\u00e9mentaires<\/b> au tissage de nos rubans telles que d\u00e9coupe, couture, soudure, impression ou encore ajout de composants. <\/p>\n<p>[\/et_pb_text][\/et_pb_column][\/et_pb_row][et_pb_row column_structure=&#8221;1_4,3_4&#8243; use_custom_gutter=&#8221;on&#8221; gutter_width=&#8221;1&#8243; make_equal=&#8221;on&#8221; _builder_version=&#8221;4.27.5&#8243; _module_preset=&#8221;default&#8221; background_enable_color=&#8221;off&#8221; custom_margin=&#8221;66px||||false|false&#8221; custom_padding=&#8221;|77px|||false|false&#8221; custom_css_main_element=&#8221;align-items:center;&#8221; border_radii=&#8221;on|22px|22px|22px|22px&#8221; box_shadow_style=&#8221;preset3&#8243; global_colors_info=&#8221;{}&#8221;][et_pb_column type=&#8221;1_4&#8243; _builder_version=&#8221;4.27.4&#8243; _module_preset=&#8221;default&#8221; global_colors_info=&#8221;{}&#8221;][et_pb_image src=&#8221;https:\/\/bertheas.com\/wp-content\/uploads\/2025\/09\/BERTHEAS_picto_amelioration_x160-1.png&#8221; alt=&#8221;BERTHEAS_picto_amelioration_x160&#8243; title_text=&#8221;BERTHEAS_picto_reseau_partenaires_x160&#8243; align=&#8221;center&#8221; _builder_version=&#8221;4.27.4&#8243; _module_preset=&#8221;default&#8221; global_colors_info=&#8221;{}&#8221;][\/et_pb_image][\/et_pb_column][et_pb_column type=&#8221;3_4&#8243; _builder_version=&#8221;4.27.4&#8243; _module_preset=&#8221;default&#8221; global_colors_info=&#8221;{}&#8221;][et_pb_text _builder_version=&#8221;4.27.4&#8243; _module_preset=&#8221;default&#8221; text_font=&#8221;||||||||&#8221; text_font_size=&#8221;18px&#8221; global_colors_info=&#8221;{}&#8221;]<\/p>\n<h3>Continuous improvement<\/h3>\n<p>Bertheas implements an operational excellence approach aimed at continuously improving our products, processes, and working conditions. This is driven by proven methods, standards, active listening, care, and strong team involvement.[\/et_pb_text][\/et_pb_column][\/et_pb_row][\/et_pb_section]<\/p>\n","protected":false},"excerpt":{"rendered":"<p>Fabricant fran\u00e7ais de tissus \u00e9lastiques et techniques, Berth\u00e9as offre 40 ans d\u2019expertise pour des produits sur mesure.<\/p>\n","protected":false},"author":3,"featured_media":0,"parent":0,"menu_order":0,"comment_status":"closed","ping_status":"closed","template":"","meta":{"_et_pb_use_builder":"on","_et_pb_old_content":"","_et_gb_content_width":"","footnotes":""},"class_list":["post-10699","page","type-page","status-publish","hentry"],"yoast_head":"<!-- This site is optimized with the Yoast SEO plugin v27.4 - https:\/\/yoast.com\/product\/yoast-seo-wordpress\/ -->\n<title>Industrial manufacturing - Berth\u00e9as<\/title>\n<meta name=\"description\" content=\"Fabricant fran\u00e7ais de tissus \u00e9lastiques et techniques, Berth\u00e9as met \u00e0 votre service 40 ans d\u2019expertise pour des produits innovants, personnalis\u00e9s et adapt\u00e9s \u00e0 vos besoins.\" \/>\n<meta name=\"robots\" content=\"index, follow, max-snippet:-1, max-image-preview:large, max-video-preview:-1\" \/>\n<link rel=\"canonical\" href=\"https:\/\/bertheas.com\/en\/industrial-manufacturing\/\" \/>\n<meta property=\"og:locale\" content=\"en_US\" \/>\n<meta property=\"og:type\" content=\"article\" \/>\n<meta property=\"og:title\" content=\"Industrial manufacturing - Berth\u00e9as\" \/>\n<meta property=\"og:description\" content=\"Fabricant fran\u00e7ais de tissus \u00e9lastiques et techniques, Berth\u00e9as met \u00e0 votre service 40 ans d\u2019expertise pour des produits innovants, personnalis\u00e9s et adapt\u00e9s \u00e0 vos besoins.\" \/>\n<meta property=\"og:url\" content=\"https:\/\/bertheas.com\/en\/industrial-manufacturing\/\" \/>\n<meta property=\"og:site_name\" content=\"Berth\u00e9as\" \/>\n<meta property=\"article:modified_time\" content=\"2026-01-16T17:44:28+00:00\" \/>\n<meta property=\"og:image\" content=\"https:\/\/bertheas.com\/wp-content\/uploads\/2022\/06\/logo-bertheas.png\" \/>\n\t<meta property=\"og:image:width\" content=\"175\" \/>\n\t<meta property=\"og:image:height\" content=\"90\" \/>\n\t<meta property=\"og:image:type\" content=\"image\/png\" \/>\n<meta name=\"twitter:card\" content=\"summary_large_image\" \/>\n<meta name=\"twitter:label1\" content=\"Est. reading time\" \/>\n\t<meta name=\"twitter:data1\" content=\"7 minutes\" \/>\n<script type=\"application\/ld+json\" class=\"yoast-schema-graph\">{\"@context\":\"https:\\\/\\\/schema.org\",\"@graph\":[{\"@type\":\"WebPage\",\"@id\":\"https:\\\/\\\/bertheas.com\\\/en\\\/industrial-manufacturing\\\/\",\"url\":\"https:\\\/\\\/bertheas.com\\\/en\\\/industrial-manufacturing\\\/\",\"name\":\"Industrial manufacturing - Berth\u00e9as\",\"isPartOf\":{\"@id\":\"https:\\\/\\\/bertheas.com\\\/#website\"},\"datePublished\":\"2025-09-12T13:59:44+00:00\",\"dateModified\":\"2026-01-16T17:44:28+00:00\",\"description\":\"Fabricant fran\u00e7ais de tissus \u00e9lastiques et techniques, Berth\u00e9as met \u00e0 votre service 40 ans d\u2019expertise pour des produits innovants, personnalis\u00e9s et adapt\u00e9s \u00e0 vos besoins.\",\"breadcrumb\":{\"@id\":\"https:\\\/\\\/bertheas.com\\\/en\\\/industrial-manufacturing\\\/#breadcrumb\"},\"inLanguage\":\"en-US\",\"potentialAction\":[{\"@type\":\"ReadAction\",\"target\":[\"https:\\\/\\\/bertheas.com\\\/en\\\/industrial-manufacturing\\\/\"]}]},{\"@type\":\"BreadcrumbList\",\"@id\":\"https:\\\/\\\/bertheas.com\\\/en\\\/industrial-manufacturing\\\/#breadcrumb\",\"itemListElement\":[{\"@type\":\"ListItem\",\"position\":1,\"name\":\"Accueil\",\"item\":\"https:\\\/\\\/bertheas.com\\\/en\\\/\"},{\"@type\":\"ListItem\",\"position\":2,\"name\":\"Industrial manufacturing\"}]},{\"@type\":\"WebSite\",\"@id\":\"https:\\\/\\\/bertheas.com\\\/#website\",\"url\":\"https:\\\/\\\/bertheas.com\\\/\",\"name\":\"Bertheas\",\"description\":\"Fabricant de tissus \u00e9lastiques\",\"publisher\":{\"@id\":\"https:\\\/\\\/bertheas.com\\\/#organization\"},\"alternateName\":\"Bertheas, Fabricant de tissus \u00e9lastiques\",\"potentialAction\":[{\"@type\":\"SearchAction\",\"target\":{\"@type\":\"EntryPoint\",\"urlTemplate\":\"https:\\\/\\\/bertheas.com\\\/?s={search_term_string}\"},\"query-input\":{\"@type\":\"PropertyValueSpecification\",\"valueRequired\":true,\"valueName\":\"search_term_string\"}}],\"inLanguage\":\"en-US\"},{\"@type\":\"Organization\",\"@id\":\"https:\\\/\\\/bertheas.com\\\/#organization\",\"name\":\"Berth\u00e9as\",\"url\":\"https:\\\/\\\/bertheas.com\\\/\",\"logo\":{\"@type\":\"ImageObject\",\"inLanguage\":\"en-US\",\"@id\":\"https:\\\/\\\/bertheas.com\\\/#\\\/schema\\\/logo\\\/image\\\/\",\"url\":\"https:\\\/\\\/bertheas.com\\\/wp-content\\\/uploads\\\/2022\\\/06\\\/logo-bertheas.png\",\"contentUrl\":\"https:\\\/\\\/bertheas.com\\\/wp-content\\\/uploads\\\/2022\\\/06\\\/logo-bertheas.png\",\"width\":175,\"height\":90,\"caption\":\"Berth\u00e9as\"},\"image\":{\"@id\":\"https:\\\/\\\/bertheas.com\\\/#\\\/schema\\\/logo\\\/image\\\/\"}}]}<\/script>\n<!-- \/ Yoast SEO plugin. -->","yoast_head_json":{"title":"Industrial manufacturing - Berth\u00e9as","description":"Fabricant fran\u00e7ais de tissus \u00e9lastiques et techniques, Berth\u00e9as met \u00e0 votre service 40 ans d\u2019expertise pour des produits innovants, personnalis\u00e9s et adapt\u00e9s \u00e0 vos besoins.","robots":{"index":"index","follow":"follow","max-snippet":"max-snippet:-1","max-image-preview":"max-image-preview:large","max-video-preview":"max-video-preview:-1"},"canonical":"https:\/\/bertheas.com\/en\/industrial-manufacturing\/","og_locale":"en_US","og_type":"article","og_title":"Industrial manufacturing - Berth\u00e9as","og_description":"Fabricant fran\u00e7ais de tissus \u00e9lastiques et techniques, Berth\u00e9as met \u00e0 votre service 40 ans d\u2019expertise pour des produits innovants, personnalis\u00e9s et adapt\u00e9s \u00e0 vos besoins.","og_url":"https:\/\/bertheas.com\/en\/industrial-manufacturing\/","og_site_name":"Berth\u00e9as","article_modified_time":"2026-01-16T17:44:28+00:00","og_image":[{"width":175,"height":90,"url":"https:\/\/bertheas.com\/wp-content\/uploads\/2022\/06\/logo-bertheas.png","type":"image\/png"}],"twitter_card":"summary_large_image","twitter_misc":{"Est. reading time":"7 minutes"},"schema":{"@context":"https:\/\/schema.org","@graph":[{"@type":"WebPage","@id":"https:\/\/bertheas.com\/en\/industrial-manufacturing\/","url":"https:\/\/bertheas.com\/en\/industrial-manufacturing\/","name":"Industrial manufacturing - Berth\u00e9as","isPartOf":{"@id":"https:\/\/bertheas.com\/#website"},"datePublished":"2025-09-12T13:59:44+00:00","dateModified":"2026-01-16T17:44:28+00:00","description":"Fabricant fran\u00e7ais de tissus \u00e9lastiques et techniques, Berth\u00e9as met \u00e0 votre service 40 ans d\u2019expertise pour des produits innovants, personnalis\u00e9s et adapt\u00e9s \u00e0 vos besoins.","breadcrumb":{"@id":"https:\/\/bertheas.com\/en\/industrial-manufacturing\/#breadcrumb"},"inLanguage":"en-US","potentialAction":[{"@type":"ReadAction","target":["https:\/\/bertheas.com\/en\/industrial-manufacturing\/"]}]},{"@type":"BreadcrumbList","@id":"https:\/\/bertheas.com\/en\/industrial-manufacturing\/#breadcrumb","itemListElement":[{"@type":"ListItem","position":1,"name":"Accueil","item":"https:\/\/bertheas.com\/en\/"},{"@type":"ListItem","position":2,"name":"Industrial manufacturing"}]},{"@type":"WebSite","@id":"https:\/\/bertheas.com\/#website","url":"https:\/\/bertheas.com\/","name":"Bertheas","description":"Fabricant de tissus \u00e9lastiques","publisher":{"@id":"https:\/\/bertheas.com\/#organization"},"alternateName":"Bertheas, Fabricant de tissus \u00e9lastiques","potentialAction":[{"@type":"SearchAction","target":{"@type":"EntryPoint","urlTemplate":"https:\/\/bertheas.com\/?s={search_term_string}"},"query-input":{"@type":"PropertyValueSpecification","valueRequired":true,"valueName":"search_term_string"}}],"inLanguage":"en-US"},{"@type":"Organization","@id":"https:\/\/bertheas.com\/#organization","name":"Berth\u00e9as","url":"https:\/\/bertheas.com\/","logo":{"@type":"ImageObject","inLanguage":"en-US","@id":"https:\/\/bertheas.com\/#\/schema\/logo\/image\/","url":"https:\/\/bertheas.com\/wp-content\/uploads\/2022\/06\/logo-bertheas.png","contentUrl":"https:\/\/bertheas.com\/wp-content\/uploads\/2022\/06\/logo-bertheas.png","width":175,"height":90,"caption":"Berth\u00e9as"},"image":{"@id":"https:\/\/bertheas.com\/#\/schema\/logo\/image\/"}}]}},"_links":{"self":[{"href":"https:\/\/bertheas.com\/en\/wp-json\/wp\/v2\/pages\/10699","targetHints":{"allow":["GET"]}}],"collection":[{"href":"https:\/\/bertheas.com\/en\/wp-json\/wp\/v2\/pages"}],"about":[{"href":"https:\/\/bertheas.com\/en\/wp-json\/wp\/v2\/types\/page"}],"author":[{"embeddable":true,"href":"https:\/\/bertheas.com\/en\/wp-json\/wp\/v2\/users\/3"}],"replies":[{"embeddable":true,"href":"https:\/\/bertheas.com\/en\/wp-json\/wp\/v2\/comments?post=10699"}],"version-history":[{"count":2,"href":"https:\/\/bertheas.com\/en\/wp-json\/wp\/v2\/pages\/10699\/revisions"}],"predecessor-version":[{"id":23696,"href":"https:\/\/bertheas.com\/en\/wp-json\/wp\/v2\/pages\/10699\/revisions\/23696"}],"wp:attachment":[{"href":"https:\/\/bertheas.com\/en\/wp-json\/wp\/v2\/media?parent=10699"}],"curies":[{"name":"wp","href":"https:\/\/api.w.org\/{rel}","templated":true}]}}