{"id":10702,"date":"2025-09-12T15:40:48","date_gmt":"2025-09-12T13:40:48","guid":{"rendered":"https:\/\/bertheas.com\/?page_id=10702"},"modified":"2026-01-16T16:51:50","modified_gmt":"2026-01-16T15:51:50","slug":"our-story","status":"publish","type":"page","link":"https:\/\/bertheas.com\/en\/our-story\/","title":{"rendered":"Our story"},"content":{"rendered":"<p>[et_pb_section fb_built=&#8221;1&#8243; admin_label=&#8221;notre histoire&#8221; module_id=&#8221;our-story&#8221; _builder_version=&#8221;4.17.4&#8243; _module_preset=&#8221;default&#8221; collapsed=&#8221;off&#8221; global_colors_info=&#8221;{}&#8221;][et_pb_row _builder_version=&#8221;4.17.4&#8243; _module_preset=&#8221;default&#8221; custom_padding=&#8221;||0px||false|false&#8221; global_colors_info=&#8221;{}&#8221;][et_pb_column type=&#8221;4_4&#8243; _builder_version=&#8221;4.17.4&#8243; _module_preset=&#8221;default&#8221; global_colors_info=&#8221;{}&#8221;][et_pb_text _builder_version=&#8221;4.18.0&#8243; _module_preset=&#8221;default&#8221; global_colors_info=&#8221;{}&#8221;]<\/p>\n<h1>Our story<\/h1>\n<p>[\/et_pb_text][et_pb_divider color=&#8221;#E15F33&#8243; divider_weight=&#8221;3px&#8221; _builder_version=&#8221;4.27.4&#8243; _module_preset=&#8221;default&#8221; width=&#8221;122px&#8221; module_alignment=&#8221;left&#8221; global_module=&#8221;1446&#8243; saved_tabs=&#8221;all&#8221; global_colors_info=&#8221;{}&#8221;][\/et_pb_divider][\/et_pb_column][\/et_pb_row][et_pb_row _builder_version=&#8221;4.19.4&#8243; _module_preset=&#8221;default&#8221; global_colors_info=&#8221;{}&#8221;][et_pb_column type=&#8221;4_4&#8243; _builder_version=&#8221;4.19.4&#8243; _module_preset=&#8221;default&#8221; global_colors_info=&#8221;{}&#8221;][et_pb_video src=&#8221;https:\/\/bertheas.com\/wp-content\/uploads\/2023\/01\/Bertheas.mp4&#8243; image_src=&#8221;https:\/\/bertheas.com\/wp-content\/uploads\/2024\/12\/Sequence-01.00_01_32_20.Still002.jpg&#8221; play_icon_color=&#8221;#FFFFFF&#8221; font_icon=&#8221;\uf04b||fa||900&#8243; use_icon_font_size=&#8221;on&#8221; icon_font_size=&#8221;120px&#8221; thumbnail_overlay_color=&#8221;rgba(20,68,135,0.6)&#8221; _builder_version=&#8221;4.27.4&#8243; _module_preset=&#8221;default&#8221; global_colors_info=&#8221;{}&#8221;][\/et_pb_video][\/et_pb_column][\/et_pb_row][et_pb_row column_structure=&#8221;1_2,1_2&#8243; make_equal=&#8221;on&#8221; _builder_version=&#8221;4.27.4&#8243; _module_preset=&#8221;default&#8221; custom_margin=&#8221;33px||33px||true|false&#8221; custom_css_main_element=&#8221;align-items:center;&#8221; global_colors_info=&#8221;{}&#8221;][et_pb_column type=&#8221;1_2&#8243; _builder_version=&#8221;4.17.4&#8243; _module_preset=&#8221;default&#8221; global_colors_info=&#8221;{}&#8221;][et_pb_text _builder_version=&#8221;4.27.4&#8243; _module_preset=&#8221;default&#8221; global_colors_info=&#8221;{}&#8221;]<\/p>\n<h4>Bertheas &amp; Cie, French expert in elastic and technical textiles<\/h4>\n<p>Since 1929, Bertheas has been designing and manufacturing custom elastic and technical fabrics in Saint-Chamond. On a 7,800 m\u00b2 site, our team of 60 employees combines expertise, innovation, and a commitment to quality. <\/p>\n<h4>Recognized know-how<\/h4>\n<p>Originally specialized in textiles for medical and orthopedic use, the company has successfully broadened its offerings to serve numerous industrial sectors.[\/et_pb_text][\/et_pb_column][et_pb_column type=&#8221;1_2&#8243; _builder_version=&#8221;4.17.4&#8243; _module_preset=&#8221;default&#8221; global_colors_info=&#8221;{}&#8221;][et_pb_image src=&#8221;https:\/\/bertheas.com\/wp-content\/uploads\/2022\/06\/Bertheas-ancienne-usine1.jpg&#8221; title_text=&#8221;Berth\u00e9as-ancienne-usine1&#8243; _builder_version=&#8221;4.17.4&#8243; _module_preset=&#8221;default&#8221; global_colors_info=&#8221;{}&#8221;][\/et_pb_image][\/et_pb_column][\/et_pb_row][et_pb_row column_structure=&#8221;1_2,1_2&#8243; make_equal=&#8221;on&#8221; _builder_version=&#8221;4.27.4&#8243; _module_preset=&#8221;default&#8221; custom_margin=&#8221;33px||33px||true|false&#8221; custom_css_main_element=&#8221;align-items:center;&#8221; global_colors_info=&#8221;{}&#8221;][et_pb_column type=&#8221;1_2&#8243; _builder_version=&#8221;4.17.4&#8243; _module_preset=&#8221;default&#8221; global_colors_info=&#8221;{}&#8221;][et_pb_image src=&#8221;https:\/\/bertheas.com\/wp-content\/uploads\/2022\/06\/bertheas_usine_exterieur_567x340.jpg&#8221; alt=&#8221;bertheas_usine_exterieur_567x340&#8243; title_text=&#8221;Usine-Machine-6&#8243; _builder_version=&#8221;4.17.4&#8243; _module_preset=&#8221;default&#8221; global_colors_info=&#8221;{}&#8221;][\/et_pb_image][\/et_pb_column][et_pb_column type=&#8221;1_2&#8243; _builder_version=&#8221;4.17.4&#8243; _module_preset=&#8221;default&#8221; global_colors_info=&#8221;{}&#8221;][et_pb_text _builder_version=&#8221;4.27.4&#8243; _module_preset=&#8221;default&#8221; global_colors_info=&#8221;{}&#8221;]<\/p>\n<h4>A leading European player<\/h4>\n<p>Thanks to its mastery of personalized Jacquard elastic and continuous investment, Berth\u00e9as is now one of Europe\u2019s leaders in technical elastic tape.<\/p>\n<h4>Continuous innovation<\/h4>\n<p>Innovation lies at the heart of our approach. Our regularly filed patents reflect our ability to anticipate market trends and develop high-performance and sustainable textile solutions.[\/et_pb_text][\/et_pb_column][\/et_pb_row][\/et_pb_section][et_pb_section fb_built=&#8221;1&#8243; _builder_version=&#8221;4.27.4&#8243; _module_preset=&#8221;default&#8221; global_module=&#8221;9622&#8243; saved_tabs=&#8221;all&#8221; global_colors_info=&#8221;{}&#8221;][et_pb_row column_structure=&#8221;1_3,1_3,1_3&#8243; make_equal=&#8221;on&#8221; admin_label=&#8221;Proud and happy to wear the colors of the textile made in France and of EPV !&#8221; _builder_version=&#8221;4.27.4&#8243; _module_preset=&#8221;default&#8221; global_colors_info=&#8221;{}&#8221;][et_pb_column type=&#8221;1_3&#8243; _builder_version=&#8221;4.27.4&#8243; _module_preset=&#8221;default&#8221; background_color=&#8221;RGBA(255,255,255,0)&#8221; custom_padding=&#8221;|11px|16px|11px|false|true&#8221; animation_style=&#8221;fade&#8221; link_option_url=&#8221;\/#&#8221; border_radii=&#8221;on|9px|9px|9px|9px&#8221; box_shadow_style=&#8221;preset3&#8243; global_colors_info=&#8221;{}&#8221; box_shadow_blur__hover_enabled=&#8221;on|hover&#8221; box_shadow_blur__hover=&#8221;9px&#8221; transform_styles__hover_enabled=&#8221;on|hover&#8221; transform_scale__hover_enabled=&#8221;on|hover&#8221; transform_translate__hover_enabled=&#8221;on|desktop&#8221; transform_rotate__hover_enabled=&#8221;on|desktop&#8221; transform_skew__hover_enabled=&#8221;on|desktop&#8221; transform_origin__hover_enabled=&#8221;on|desktop&#8221; transform_scale__hover=&#8221;109%|109%&#8221;][et_pb_image src=&#8221;https:\/\/bertheas.com\/wp-content\/uploads\/2025\/09\/BERTHEAS_picto_co-conception_x160.png&#8221; alt=&#8221;BERTHEAS_home_medical_x610&#8243; title_text=&#8221;BERTHEAS_picto_co-conception_x160&#8243; show_bottom_space=&#8221;off&#8221; align=&#8221;center&#8221; admin_label=&#8221;cat medical&#8221; _builder_version=&#8221;4.27.4&#8243; _module_preset=&#8221;default&#8221; global_colors_info=&#8221;{}&#8221;][\/et_pb_image][et_pb_text _builder_version=&#8221;4.27.4&#8243; _module_preset=&#8221;default&#8221; text_orientation=&#8221;center&#8221; global_colors_info=&#8221;{}&#8221;]<\/p>\n<h3>Co-design<\/h3>\n<p>Client requirements and specifications[\/et_pb_text][\/et_pb_column][et_pb_column type=&#8221;1_3&#8243; _builder_version=&#8221;4.27.4&#8243; _module_preset=&#8221;default&#8221; background_color=&#8221;RGBA(255,255,255,0)&#8221; custom_padding=&#8221;|11px|16px|11px|false|true&#8221; animation_style=&#8221;fade&#8221; link_option_url=&#8221;\/#&#8221; border_radii=&#8221;on|9px|9px|9px|9px&#8221; box_shadow_style=&#8221;preset3&#8243; global_colors_info=&#8221;{}&#8221; box_shadow_blur__hover=&#8221;9px&#8221; box_shadow_blur__hover_enabled=&#8221;on|hover&#8221; transform_styles__hover_enabled=&#8221;on|hover&#8221; transform_scale__hover=&#8221;109%|109%&#8221; transform_scale__hover_enabled=&#8221;on|hover&#8221; transform_translate__hover_enabled=&#8221;on|desktop&#8221; transform_rotate__hover_enabled=&#8221;on|desktop&#8221; transform_skew__hover_enabled=&#8221;on|desktop&#8221; transform_origin__hover_enabled=&#8221;on|desktop&#8221;][et_pb_image src=&#8221;https:\/\/bertheas.com\/wp-content\/uploads\/2025\/09\/BERTHEAS_picto_rd_x160.png&#8221; alt=&#8221;BERTHEAS_home_medical_x610&#8243; title_text=&#8221;BERTHEAS_picto_co-conception_x160&#8243; show_bottom_space=&#8221;off&#8221; align=&#8221;center&#8221; admin_label=&#8221;cat souss-vetement&#8221; _builder_version=&#8221;4.27.4&#8243; _module_preset=&#8221;default&#8221; global_colors_info=&#8221;{}&#8221;][\/et_pb_image][et_pb_text _builder_version=&#8221;4.27.4&#8243; _module_preset=&#8221;default&#8221; text_orientation=&#8221;center&#8221; global_colors_info=&#8221;{}&#8221;]<\/p>\n<h3>Research &amp; Development<\/h3>\n<p>Expertise, patents, trends-watching &amp; insights, prototyping, eco-design, testing<\/p>\n<p>[\/et_pb_text][\/et_pb_column][et_pb_column type=&#8221;1_3&#8243; _builder_version=&#8221;4.27.4&#8243; _module_preset=&#8221;default&#8221; background_color=&#8221;RGBA(255,255,255,0)&#8221; custom_padding=&#8221;|11px|16px|11px|false|true&#8221; animation_style=&#8221;fade&#8221; link_option_url=&#8221;\/#&#8221; border_radii=&#8221;on|9px|9px|9px|9px&#8221; box_shadow_style=&#8221;preset3&#8243; global_colors_info=&#8221;{}&#8221; box_shadow_blur__hover=&#8221;9px&#8221; box_shadow_blur__hover_enabled=&#8221;on|hover&#8221; transform_styles__hover_enabled=&#8221;on|hover&#8221; transform_scale__hover=&#8221;109%|109%&#8221; transform_scale__hover_enabled=&#8221;on|hover&#8221; transform_translate__hover_enabled=&#8221;on|desktop&#8221; transform_rotate__hover_enabled=&#8221;on|desktop&#8221; transform_skew__hover_enabled=&#8221;on|desktop&#8221; transform_origin__hover_enabled=&#8221;on|desktop&#8221;][et_pb_image src=&#8221;https:\/\/bertheas.com\/wp-content\/uploads\/2025\/09\/BERTHEAS_picto_fabrication_x160.png&#8221; alt=&#8221;BERTHEAS_home_medical_x610&#8243; title_text=&#8221;BERTHEAS_picto_co-conception_x160&#8243; show_bottom_space=&#8221;off&#8221; align=&#8221;center&#8221; admin_label=&#8221;cat sport tech&#8221; _builder_version=&#8221;4.27.4&#8243; _module_preset=&#8221;default&#8221; global_colors_info=&#8221;{}&#8221;][\/et_pb_image][et_pb_text _builder_version=&#8221;4.27.4&#8243; _module_preset=&#8221;default&#8221; text_orientation=&#8221;center&#8221; global_colors_info=&#8221;{}&#8221;]<\/p>\n<h3>Manufacturing<\/h3>\n<p>Warping, Weaving &amp; Finishing[\/et_pb_text][\/et_pb_column][\/et_pb_row][et_pb_row column_structure=&#8221;1_3,1_3,1_3&#8243; make_equal=&#8221;on&#8221; admin_label=&#8221;Proud and happy to wear the colors of the textile made in France and of EPV !&#8221; _builder_version=&#8221;4.27.4&#8243; _module_preset=&#8221;default&#8221; global_colors_info=&#8221;{}&#8221;][et_pb_column type=&#8221;1_3&#8243; _builder_version=&#8221;4.27.4&#8243; _module_preset=&#8221;default&#8221; background_color=&#8221;RGBA(255,255,255,0)&#8221; custom_padding=&#8221;|11px|16px|11px|false|true&#8221; animation_style=&#8221;fade&#8221; link_option_url=&#8221;\/#&#8221; border_radii=&#8221;on|9px|9px|9px|9px&#8221; box_shadow_style=&#8221;preset3&#8243; global_colors_info=&#8221;{}&#8221; box_shadow_blur__hover_enabled=&#8221;on|hover&#8221; box_shadow_blur__hover=&#8221;9px&#8221; transform_styles__hover_enabled=&#8221;on|hover&#8221; transform_scale__hover=&#8221;109%|109%&#8221; transform_scale__hover_enabled=&#8221;on|hover&#8221; transform_translate__hover_enabled=&#8221;on|desktop&#8221; transform_rotate__hover_enabled=&#8221;on|desktop&#8221; transform_skew__hover_enabled=&#8221;on|desktop&#8221; transform_origin__hover_enabled=&#8221;on|desktop&#8221;][et_pb_image src=&#8221;https:\/\/bertheas.com\/wp-content\/uploads\/2025\/09\/BERTHEAS_picto_reseau_partenaires_x160.png&#8221; alt=&#8221;BERTHEAS_home_medical_x610&#8243; title_text=&#8221;BERTHEAS_picto_co-conception_x160&#8243; show_bottom_space=&#8221;off&#8221; align=&#8221;center&#8221; admin_label=&#8221;cat medical&#8221; _builder_version=&#8221;4.27.4&#8243; _module_preset=&#8221;default&#8221; global_colors_info=&#8221;{}&#8221;][\/et_pb_image][et_pb_text _builder_version=&#8221;4.27.4&#8243; _module_preset=&#8221;default&#8221; text_orientation=&#8221;center&#8221; global_colors_info=&#8221;{}&#8221;]<\/p>\n<h3>Partner network<\/h3>\n<p>A collaborative and responsive network of local partners[\/et_pb_text][\/et_pb_column][et_pb_column type=&#8221;1_3&#8243; _builder_version=&#8221;4.27.4&#8243; _module_preset=&#8221;default&#8221; background_color=&#8221;RGBA(255,255,255,0)&#8221; custom_padding=&#8221;|11px|16px|11px|false|true&#8221; animation_style=&#8221;fade&#8221; link_option_url=&#8221;\/#&#8221; border_radii=&#8221;on|9px|9px|9px|9px&#8221; box_shadow_style=&#8221;preset3&#8243; global_colors_info=&#8221;{}&#8221; box_shadow_blur__hover=&#8221;9px&#8221; box_shadow_blur__hover_enabled=&#8221;on|hover&#8221; transform_styles__hover_enabled=&#8221;on|hover&#8221; transform_scale__hover=&#8221;109%|109%&#8221; transform_scale__hover_enabled=&#8221;on|hover&#8221; transform_translate__hover_enabled=&#8221;on|desktop&#8221; transform_rotate__hover_enabled=&#8221;on|desktop&#8221; transform_skew__hover_enabled=&#8221;on|desktop&#8221; transform_origin__hover_enabled=&#8221;on|desktop&#8221;][et_pb_image src=&#8221;https:\/\/bertheas.com\/wp-content\/uploads\/2025\/09\/BERTHEAS_picto_engagement_social_environnemental_x160-1.png&#8221; alt=&#8221;BERTHEAS_home_medical_x610&#8243; title_text=&#8221;BERTHEAS_picto_engagement_social_environnemental_x160&#8243; show_bottom_space=&#8221;off&#8221; align=&#8221;center&#8221; admin_label=&#8221;cat souss-vetement&#8221; _builder_version=&#8221;4.27.4&#8243; _module_preset=&#8221;default&#8221; global_colors_info=&#8221;{}&#8221;][\/et_pb_image][et_pb_text _builder_version=&#8221;4.27.4&#8243; _module_preset=&#8221;default&#8221; text_orientation=&#8221;center&#8221; global_colors_info=&#8221;{}&#8221;]<\/p>\n<h3>Social and Environment Commitment<\/h3>\n<p>Labels, certifications, awards &amp; initiatives[\/et_pb_text][\/et_pb_column][et_pb_column type=&#8221;1_3&#8243; _builder_version=&#8221;4.27.4&#8243; _module_preset=&#8221;default&#8221; background_color=&#8221;RGBA(255,255,255,0)&#8221; custom_padding=&#8221;|11px|16px|11px|false|true&#8221; animation_style=&#8221;fade&#8221; link_option_url=&#8221;\/#&#8221; border_radii=&#8221;on|9px|9px|9px|9px&#8221; box_shadow_style=&#8221;preset3&#8243; global_colors_info=&#8221;{}&#8221; box_shadow_blur__hover=&#8221;9px&#8221; box_shadow_blur__hover_enabled=&#8221;on|hover&#8221; transform_styles__hover_enabled=&#8221;on|hover&#8221; transform_scale__hover=&#8221;109%|109%&#8221; transform_scale__hover_enabled=&#8221;on|hover&#8221; transform_translate__hover_enabled=&#8221;on|desktop&#8221; transform_rotate__hover_enabled=&#8221;on|desktop&#8221; transform_skew__hover_enabled=&#8221;on|desktop&#8221; transform_origin__hover_enabled=&#8221;on|desktop&#8221;][et_pb_image src=&#8221;https:\/\/bertheas.com\/wp-content\/uploads\/2025\/09\/BERTHEAS_picto_amelioration_x160-1.png&#8221; alt=&#8221;BERTHEAS_home_medical_x610&#8243; title_text=&#8221;BERTHEAS_picto_amelioration_x160&#8243; show_bottom_space=&#8221;off&#8221; align=&#8221;center&#8221; admin_label=&#8221;cat sport tech&#8221; _builder_version=&#8221;4.27.4&#8243; _module_preset=&#8221;default&#8221; global_colors_info=&#8221;{}&#8221;][\/et_pb_image][et_pb_text _builder_version=&#8221;4.27.4&#8243; _module_preset=&#8221;default&#8221; text_orientation=&#8221;center&#8221; global_colors_info=&#8221;{}&#8221;]<\/p>\n<h3>Continuous improvement<\/h3>\n<p>Monitoring, durability &amp; performance[\/et_pb_text][\/et_pb_column][\/et_pb_row][\/et_pb_section]<\/p>\n","protected":false},"excerpt":{"rendered":"<p>Fabricant fran\u00e7ais de tissus \u00e9lastiques et techniques, Berth\u00e9as offre 40 ans d\u2019expertise pour des produits sur mesure.<\/p>\n","protected":false},"author":2,"featured_media":0,"parent":0,"menu_order":0,"comment_status":"closed","ping_status":"closed","template":"","meta":{"_et_pb_use_builder":"on","_et_pb_old_content":"","_et_gb_content_width":"","footnotes":""},"class_list":["post-10702","page","type-page","status-publish","hentry"],"yoast_head":"<!-- This site is optimized with the Yoast SEO plugin v27.5 - https:\/\/yoast.com\/product\/yoast-seo-wordpress\/ -->\n<title>Our story - Berth\u00e9as<\/title>\n<meta name=\"description\" content=\"Fabricant fran\u00e7ais de tissus \u00e9lastiques et techniques, Berth\u00e9as met \u00e0 votre service 40 ans d\u2019expertise pour des produits innovants, personnalis\u00e9s et adapt\u00e9s \u00e0 vos besoins.\" \/>\n<meta name=\"robots\" content=\"index, follow, max-snippet:-1, max-image-preview:large, max-video-preview:-1\" \/>\n<link rel=\"canonical\" href=\"https:\/\/bertheas.com\/en\/our-story\/\" \/>\n<meta property=\"og:locale\" content=\"en_US\" \/>\n<meta property=\"og:type\" content=\"article\" \/>\n<meta property=\"og:title\" content=\"Our story - Berth\u00e9as\" \/>\n<meta property=\"og:description\" content=\"Fabricant fran\u00e7ais de tissus \u00e9lastiques et techniques, Berth\u00e9as met \u00e0 votre service 40 ans d\u2019expertise pour des produits innovants, personnalis\u00e9s et adapt\u00e9s \u00e0 vos besoins.\" \/>\n<meta property=\"og:url\" content=\"https:\/\/bertheas.com\/en\/our-story\/\" \/>\n<meta property=\"og:site_name\" content=\"Berth\u00e9as\" \/>\n<meta property=\"article:modified_time\" content=\"2026-01-16T15:51:50+00:00\" \/>\n<meta property=\"og:image\" content=\"https:\/\/bertheas.com\/wp-content\/uploads\/2022\/06\/logo-bertheas.png\" \/>\n\t<meta property=\"og:image:width\" content=\"175\" \/>\n\t<meta property=\"og:image:height\" content=\"90\" \/>\n\t<meta property=\"og:image:type\" content=\"image\/png\" \/>\n<meta name=\"twitter:card\" content=\"summary_large_image\" \/>\n<meta name=\"twitter:label1\" content=\"Est. reading time\" \/>\n\t<meta name=\"twitter:data1\" content=\"8 minutes\" \/>\n<script type=\"application\/ld+json\" class=\"yoast-schema-graph\">{\"@context\":\"https:\\\/\\\/schema.org\",\"@graph\":[{\"@type\":\"WebPage\",\"@id\":\"https:\\\/\\\/bertheas.com\\\/en\\\/our-story\\\/\",\"url\":\"https:\\\/\\\/bertheas.com\\\/en\\\/our-story\\\/\",\"name\":\"Our story - Berth\u00e9as\",\"isPartOf\":{\"@id\":\"https:\\\/\\\/bertheas.com\\\/#website\"},\"datePublished\":\"2025-09-12T13:40:48+00:00\",\"dateModified\":\"2026-01-16T15:51:50+00:00\",\"description\":\"Fabricant fran\u00e7ais de tissus \u00e9lastiques et techniques, Berth\u00e9as met \u00e0 votre service 40 ans d\u2019expertise pour des produits innovants, personnalis\u00e9s et adapt\u00e9s \u00e0 vos besoins.\",\"breadcrumb\":{\"@id\":\"https:\\\/\\\/bertheas.com\\\/en\\\/our-story\\\/#breadcrumb\"},\"inLanguage\":\"en-US\",\"potentialAction\":[{\"@type\":\"ReadAction\",\"target\":[\"https:\\\/\\\/bertheas.com\\\/en\\\/our-story\\\/\"]}]},{\"@type\":\"BreadcrumbList\",\"@id\":\"https:\\\/\\\/bertheas.com\\\/en\\\/our-story\\\/#breadcrumb\",\"itemListElement\":[{\"@type\":\"ListItem\",\"position\":1,\"name\":\"Accueil\",\"item\":\"https:\\\/\\\/bertheas.com\\\/en\\\/\"},{\"@type\":\"ListItem\",\"position\":2,\"name\":\"Our story\"}]},{\"@type\":\"WebSite\",\"@id\":\"https:\\\/\\\/bertheas.com\\\/#website\",\"url\":\"https:\\\/\\\/bertheas.com\\\/\",\"name\":\"Bertheas\",\"description\":\"Fabricant de tissus \u00e9lastiques\",\"publisher\":{\"@id\":\"https:\\\/\\\/bertheas.com\\\/#organization\"},\"alternateName\":\"Bertheas, Fabricant de tissus \u00e9lastiques\",\"potentialAction\":[{\"@type\":\"SearchAction\",\"target\":{\"@type\":\"EntryPoint\",\"urlTemplate\":\"https:\\\/\\\/bertheas.com\\\/?s={search_term_string}\"},\"query-input\":{\"@type\":\"PropertyValueSpecification\",\"valueRequired\":true,\"valueName\":\"search_term_string\"}}],\"inLanguage\":\"en-US\"},{\"@type\":\"Organization\",\"@id\":\"https:\\\/\\\/bertheas.com\\\/#organization\",\"name\":\"Berth\u00e9as\",\"url\":\"https:\\\/\\\/bertheas.com\\\/\",\"logo\":{\"@type\":\"ImageObject\",\"inLanguage\":\"en-US\",\"@id\":\"https:\\\/\\\/bertheas.com\\\/#\\\/schema\\\/logo\\\/image\\\/\",\"url\":\"https:\\\/\\\/bertheas.com\\\/wp-content\\\/uploads\\\/2022\\\/06\\\/logo-bertheas.png\",\"contentUrl\":\"https:\\\/\\\/bertheas.com\\\/wp-content\\\/uploads\\\/2022\\\/06\\\/logo-bertheas.png\",\"width\":175,\"height\":90,\"caption\":\"Berth\u00e9as\"},\"image\":{\"@id\":\"https:\\\/\\\/bertheas.com\\\/#\\\/schema\\\/logo\\\/image\\\/\"}}]}<\/script>\n<!-- \/ Yoast SEO plugin. -->","yoast_head_json":{"title":"Our story - Berth\u00e9as","description":"Fabricant fran\u00e7ais de tissus \u00e9lastiques et techniques, Berth\u00e9as met \u00e0 votre service 40 ans d\u2019expertise pour des produits innovants, personnalis\u00e9s et adapt\u00e9s \u00e0 vos besoins.","robots":{"index":"index","follow":"follow","max-snippet":"max-snippet:-1","max-image-preview":"max-image-preview:large","max-video-preview":"max-video-preview:-1"},"canonical":"https:\/\/bertheas.com\/en\/our-story\/","og_locale":"en_US","og_type":"article","og_title":"Our story - Berth\u00e9as","og_description":"Fabricant fran\u00e7ais de tissus \u00e9lastiques et techniques, Berth\u00e9as met \u00e0 votre service 40 ans d\u2019expertise pour des produits innovants, personnalis\u00e9s et adapt\u00e9s \u00e0 vos besoins.","og_url":"https:\/\/bertheas.com\/en\/our-story\/","og_site_name":"Berth\u00e9as","article_modified_time":"2026-01-16T15:51:50+00:00","og_image":[{"width":175,"height":90,"url":"https:\/\/bertheas.com\/wp-content\/uploads\/2022\/06\/logo-bertheas.png","type":"image\/png"}],"twitter_card":"summary_large_image","twitter_misc":{"Est. reading time":"8 minutes"},"schema":{"@context":"https:\/\/schema.org","@graph":[{"@type":"WebPage","@id":"https:\/\/bertheas.com\/en\/our-story\/","url":"https:\/\/bertheas.com\/en\/our-story\/","name":"Our story - Berth\u00e9as","isPartOf":{"@id":"https:\/\/bertheas.com\/#website"},"datePublished":"2025-09-12T13:40:48+00:00","dateModified":"2026-01-16T15:51:50+00:00","description":"Fabricant fran\u00e7ais de tissus \u00e9lastiques et techniques, Berth\u00e9as met \u00e0 votre service 40 ans d\u2019expertise pour des produits innovants, personnalis\u00e9s et adapt\u00e9s \u00e0 vos besoins.","breadcrumb":{"@id":"https:\/\/bertheas.com\/en\/our-story\/#breadcrumb"},"inLanguage":"en-US","potentialAction":[{"@type":"ReadAction","target":["https:\/\/bertheas.com\/en\/our-story\/"]}]},{"@type":"BreadcrumbList","@id":"https:\/\/bertheas.com\/en\/our-story\/#breadcrumb","itemListElement":[{"@type":"ListItem","position":1,"name":"Accueil","item":"https:\/\/bertheas.com\/en\/"},{"@type":"ListItem","position":2,"name":"Our story"}]},{"@type":"WebSite","@id":"https:\/\/bertheas.com\/#website","url":"https:\/\/bertheas.com\/","name":"Bertheas","description":"Fabricant de tissus \u00e9lastiques","publisher":{"@id":"https:\/\/bertheas.com\/#organization"},"alternateName":"Bertheas, Fabricant de tissus \u00e9lastiques","potentialAction":[{"@type":"SearchAction","target":{"@type":"EntryPoint","urlTemplate":"https:\/\/bertheas.com\/?s={search_term_string}"},"query-input":{"@type":"PropertyValueSpecification","valueRequired":true,"valueName":"search_term_string"}}],"inLanguage":"en-US"},{"@type":"Organization","@id":"https:\/\/bertheas.com\/#organization","name":"Berth\u00e9as","url":"https:\/\/bertheas.com\/","logo":{"@type":"ImageObject","inLanguage":"en-US","@id":"https:\/\/bertheas.com\/#\/schema\/logo\/image\/","url":"https:\/\/bertheas.com\/wp-content\/uploads\/2022\/06\/logo-bertheas.png","contentUrl":"https:\/\/bertheas.com\/wp-content\/uploads\/2022\/06\/logo-bertheas.png","width":175,"height":90,"caption":"Berth\u00e9as"},"image":{"@id":"https:\/\/bertheas.com\/#\/schema\/logo\/image\/"}}]}},"_links":{"self":[{"href":"https:\/\/bertheas.com\/en\/wp-json\/wp\/v2\/pages\/10702","targetHints":{"allow":["GET"]}}],"collection":[{"href":"https:\/\/bertheas.com\/en\/wp-json\/wp\/v2\/pages"}],"about":[{"href":"https:\/\/bertheas.com\/en\/wp-json\/wp\/v2\/types\/page"}],"author":[{"embeddable":true,"href":"https:\/\/bertheas.com\/en\/wp-json\/wp\/v2\/users\/2"}],"replies":[{"embeddable":true,"href":"https:\/\/bertheas.com\/en\/wp-json\/wp\/v2\/comments?post=10702"}],"version-history":[{"count":2,"href":"https:\/\/bertheas.com\/en\/wp-json\/wp\/v2\/pages\/10702\/revisions"}],"predecessor-version":[{"id":23387,"href":"https:\/\/bertheas.com\/en\/wp-json\/wp\/v2\/pages\/10702\/revisions\/23387"}],"wp:attachment":[{"href":"https:\/\/bertheas.com\/en\/wp-json\/wp\/v2\/media?parent=10702"}],"curies":[{"name":"wp","href":"https:\/\/api.w.org\/{rel}","templated":true}]}}