{"id":23393,"date":"2026-01-15T15:14:17","date_gmt":"2026-01-15T14:14:17","guid":{"rendered":"https:\/\/bertheas.com\/proof-of-concept\/"},"modified":"2026-01-16T14:30:11","modified_gmt":"2026-01-16T13:30:11","slug":"proof-of-concept","status":"publish","type":"page","link":"https:\/\/bertheas.com\/en\/proof-of-concept\/","title":{"rendered":"Proof of concept"},"content":{"rendered":"<p>[et_pb_section fb_built=&#8221;1&#8243; _builder_version=&#8221;4.17.4&#8243; _module_preset=&#8221;default&#8221; global_colors_info=&#8221;{}&#8221;][et_pb_row _builder_version=&#8221;4.21.0&#8243; _module_preset=&#8221;default&#8221; global_colors_info=&#8221;{}&#8221; column_structure=&#8221;3_5,2_5&#8243;][et_pb_column type=&#8221;3_5&#8243; _builder_version=&#8221;4.17.4&#8243; _module_preset=&#8221;default&#8221; global_colors_info=&#8221;{}&#8221;][et_pb_text _builder_version=&#8221;4.27.5&#8243; _module_preset=&#8221;default&#8221; global_colors_info=&#8221;{}&#8221;]<\/p>\n<h1>Proof of concept<\/h1>\n<p>[\/et_pb_text][et_pb_text _builder_version=&#8221;4.27.5&#8243; _module_preset=&#8221;default&#8221; global_colors_info=&#8221;{}&#8221;]Explore the space dedicated to Berth\u00e9as POCs. As an expert in elastic and technical textile solutions, this section highlights our innovative capabilities through concrete projects: advanced prototypes, feasibility studies, and new textile applications developed by our design office. [\/et_pb_text][et_pb_divider color=&#8221;#E15F33&#8243; divider_weight=&#8221;3px&#8221; _builder_version=&#8221;4.27.4&#8243; _module_preset=&#8221;default&#8221; width=&#8221;122px&#8221; module_alignment=&#8221;left&#8221; global_module=&#8221;1446&#8243; saved_tabs=&#8221;all&#8221; global_colors_info=&#8221;{}&#8221;][\/et_pb_divider][\/et_pb_column][et_pb_column type=&#8221;2_5&#8243; _builder_version=&#8221;4.17.4&#8243; _module_preset=&#8221;default&#8221; global_colors_info=&#8221;{}&#8221;][\/et_pb_column][\/et_pb_row][et_pb_row _builder_version=&#8221;4.21.0&#8243; _module_preset=&#8221;default&#8221; global_colors_info=&#8221;{}&#8221;][et_pb_column type=&#8221;4_4&#8243; _builder_version=&#8221;4.17.4&#8243; _module_preset=&#8221;default&#8221; global_colors_info=&#8221;{}&#8221;][et_pb_blog fullwidth=&#8221;off&#8221; posts_number=&#8221;30&#8243; include_categories=&#8221;67&#8243; meta_date=&#8221;d F Y&#8221; excerpt_length=&#8221;101&#8243; show_more=&#8221;on&#8221; show_author=&#8221;off&#8221; show_date=&#8221;off&#8221; show_categories=&#8221;off&#8221; show_pagination=&#8221;off&#8221; masonry_tile_background_color=&#8221;rgba(20,68,135,0.03)&#8221; _builder_version=&#8221;4.27.5&#8243; _module_preset=&#8221;default&#8221; header_font_size=&#8221;20px&#8221; header_line_height=&#8221;1.3em&#8221; meta_font=&#8221;|||on|||||&#8221; meta_font_size=&#8221;14px&#8221; read_more_font=&#8221;|600||on|||||&#8221; read_more_line_height=&#8221;3.4em&#8221; background_color=&#8221;RGBA(255,255,255,0)&#8221; border_radii=&#8221;off||22px||22px&#8221; border_color_all=&#8221;rgba(20,68,135,0.03)&#8221; border_width_bottom_image=&#8221;1px&#8221; border_color_bottom_image=&#8221;#144487&#8243; global_colors_info=&#8221;{}&#8221;][\/et_pb_blog][\/et_pb_column][\/et_pb_row][\/et_pb_section]<\/p>\n","protected":false},"excerpt":{"rendered":"<p>Proof of conceptExplore the space dedicated to Berth\u00e9as POCs. As an expert in elastic and technical textile solutions, this section highlights our innovative capabilities through concrete projects: advanced prototypes, feasibility studies, and new textile applications developed by our design office.<\/p>\n","protected":false},"author":2,"featured_media":0,"parent":0,"menu_order":0,"comment_status":"closed","ping_status":"closed","template":"","meta":{"_et_pb_use_builder":"on","_et_pb_old_content":"","_et_gb_content_width":"","footnotes":""},"class_list":["post-23393","page","type-page","status-publish","hentry"],"yoast_head":"<!-- This site is optimized with the Yoast SEO plugin v27.4 - https:\/\/yoast.com\/product\/yoast-seo-wordpress\/ -->\n<title>Proof of concept - Berth\u00e9as<\/title>\n<meta name=\"description\" content=\"Fabricant fran\u00e7ais de tissus \u00e9lastiques et techniques, Berth\u00e9as met \u00e0 votre service 40 ans d\u2019expertise pour des produits innovants, personnalis\u00e9s et adapt\u00e9s \u00e0 vos besoins.\" \/>\n<meta name=\"robots\" content=\"index, follow, max-snippet:-1, max-image-preview:large, max-video-preview:-1\" \/>\n<link rel=\"canonical\" href=\"https:\/\/bertheas.com\/en\/proof-of-concept\/\" \/>\n<meta property=\"og:locale\" content=\"en_US\" \/>\n<meta property=\"og:type\" content=\"article\" \/>\n<meta property=\"og:title\" content=\"Proof of concept - Berth\u00e9as\" \/>\n<meta property=\"og:description\" content=\"Fabricant fran\u00e7ais de tissus \u00e9lastiques et techniques, Berth\u00e9as met \u00e0 votre service 40 ans d\u2019expertise pour des produits innovants, personnalis\u00e9s et adapt\u00e9s \u00e0 vos besoins.\" \/>\n<meta property=\"og:url\" content=\"https:\/\/bertheas.com\/en\/proof-of-concept\/\" \/>\n<meta property=\"og:site_name\" content=\"Berth\u00e9as\" \/>\n<meta property=\"article:modified_time\" content=\"2026-01-16T13:30:11+00:00\" \/>\n<meta property=\"og:image\" content=\"https:\/\/bertheas.com\/wp-content\/uploads\/2022\/06\/logo-bertheas.png\" \/>\n\t<meta property=\"og:image:width\" content=\"175\" \/>\n\t<meta property=\"og:image:height\" content=\"90\" \/>\n\t<meta property=\"og:image:type\" content=\"image\/png\" \/>\n<meta name=\"twitter:card\" content=\"summary_large_image\" \/>\n<meta name=\"twitter:label1\" content=\"Est. reading time\" \/>\n\t<meta name=\"twitter:data1\" content=\"1 minute\" \/>\n<script type=\"application\/ld+json\" class=\"yoast-schema-graph\">{\"@context\":\"https:\\\/\\\/schema.org\",\"@graph\":[{\"@type\":\"WebPage\",\"@id\":\"https:\\\/\\\/bertheas.com\\\/en\\\/proof-of-concept\\\/\",\"url\":\"https:\\\/\\\/bertheas.com\\\/en\\\/proof-of-concept\\\/\",\"name\":\"Proof of concept - Berth\u00e9as\",\"isPartOf\":{\"@id\":\"https:\\\/\\\/bertheas.com\\\/#website\"},\"datePublished\":\"2026-01-15T14:14:17+00:00\",\"dateModified\":\"2026-01-16T13:30:11+00:00\",\"description\":\"Fabricant fran\u00e7ais de tissus \u00e9lastiques et techniques, Berth\u00e9as met \u00e0 votre service 40 ans d\u2019expertise pour des produits innovants, personnalis\u00e9s et adapt\u00e9s \u00e0 vos besoins.\",\"breadcrumb\":{\"@id\":\"https:\\\/\\\/bertheas.com\\\/en\\\/proof-of-concept\\\/#breadcrumb\"},\"inLanguage\":\"en-US\",\"potentialAction\":[{\"@type\":\"ReadAction\",\"target\":[\"https:\\\/\\\/bertheas.com\\\/en\\\/proof-of-concept\\\/\"]}]},{\"@type\":\"BreadcrumbList\",\"@id\":\"https:\\\/\\\/bertheas.com\\\/en\\\/proof-of-concept\\\/#breadcrumb\",\"itemListElement\":[{\"@type\":\"ListItem\",\"position\":1,\"name\":\"Accueil\",\"item\":\"https:\\\/\\\/bertheas.com\\\/en\\\/\"},{\"@type\":\"ListItem\",\"position\":2,\"name\":\"Proof of concept\"}]},{\"@type\":\"WebSite\",\"@id\":\"https:\\\/\\\/bertheas.com\\\/#website\",\"url\":\"https:\\\/\\\/bertheas.com\\\/\",\"name\":\"Bertheas\",\"description\":\"Fabricant de tissus \u00e9lastiques\",\"publisher\":{\"@id\":\"https:\\\/\\\/bertheas.com\\\/#organization\"},\"alternateName\":\"Bertheas, Fabricant de tissus \u00e9lastiques\",\"potentialAction\":[{\"@type\":\"SearchAction\",\"target\":{\"@type\":\"EntryPoint\",\"urlTemplate\":\"https:\\\/\\\/bertheas.com\\\/?s={search_term_string}\"},\"query-input\":{\"@type\":\"PropertyValueSpecification\",\"valueRequired\":true,\"valueName\":\"search_term_string\"}}],\"inLanguage\":\"en-US\"},{\"@type\":\"Organization\",\"@id\":\"https:\\\/\\\/bertheas.com\\\/#organization\",\"name\":\"Berth\u00e9as\",\"url\":\"https:\\\/\\\/bertheas.com\\\/\",\"logo\":{\"@type\":\"ImageObject\",\"inLanguage\":\"en-US\",\"@id\":\"https:\\\/\\\/bertheas.com\\\/#\\\/schema\\\/logo\\\/image\\\/\",\"url\":\"https:\\\/\\\/bertheas.com\\\/wp-content\\\/uploads\\\/2022\\\/06\\\/logo-bertheas.png\",\"contentUrl\":\"https:\\\/\\\/bertheas.com\\\/wp-content\\\/uploads\\\/2022\\\/06\\\/logo-bertheas.png\",\"width\":175,\"height\":90,\"caption\":\"Berth\u00e9as\"},\"image\":{\"@id\":\"https:\\\/\\\/bertheas.com\\\/#\\\/schema\\\/logo\\\/image\\\/\"}}]}<\/script>\n<!-- \/ Yoast SEO plugin. -->","yoast_head_json":{"title":"Proof of concept - Berth\u00e9as","description":"Fabricant fran\u00e7ais de tissus \u00e9lastiques et techniques, Berth\u00e9as met \u00e0 votre service 40 ans d\u2019expertise pour des produits innovants, personnalis\u00e9s et adapt\u00e9s \u00e0 vos besoins.","robots":{"index":"index","follow":"follow","max-snippet":"max-snippet:-1","max-image-preview":"max-image-preview:large","max-video-preview":"max-video-preview:-1"},"canonical":"https:\/\/bertheas.com\/en\/proof-of-concept\/","og_locale":"en_US","og_type":"article","og_title":"Proof of concept - Berth\u00e9as","og_description":"Fabricant fran\u00e7ais de tissus \u00e9lastiques et techniques, Berth\u00e9as met \u00e0 votre service 40 ans d\u2019expertise pour des produits innovants, personnalis\u00e9s et adapt\u00e9s \u00e0 vos besoins.","og_url":"https:\/\/bertheas.com\/en\/proof-of-concept\/","og_site_name":"Berth\u00e9as","article_modified_time":"2026-01-16T13:30:11+00:00","og_image":[{"width":175,"height":90,"url":"https:\/\/bertheas.com\/wp-content\/uploads\/2022\/06\/logo-bertheas.png","type":"image\/png"}],"twitter_card":"summary_large_image","twitter_misc":{"Est. reading time":"1 minute"},"schema":{"@context":"https:\/\/schema.org","@graph":[{"@type":"WebPage","@id":"https:\/\/bertheas.com\/en\/proof-of-concept\/","url":"https:\/\/bertheas.com\/en\/proof-of-concept\/","name":"Proof of concept - Berth\u00e9as","isPartOf":{"@id":"https:\/\/bertheas.com\/#website"},"datePublished":"2026-01-15T14:14:17+00:00","dateModified":"2026-01-16T13:30:11+00:00","description":"Fabricant fran\u00e7ais de tissus \u00e9lastiques et techniques, Berth\u00e9as met \u00e0 votre service 40 ans d\u2019expertise pour des produits innovants, personnalis\u00e9s et adapt\u00e9s \u00e0 vos besoins.","breadcrumb":{"@id":"https:\/\/bertheas.com\/en\/proof-of-concept\/#breadcrumb"},"inLanguage":"en-US","potentialAction":[{"@type":"ReadAction","target":["https:\/\/bertheas.com\/en\/proof-of-concept\/"]}]},{"@type":"BreadcrumbList","@id":"https:\/\/bertheas.com\/en\/proof-of-concept\/#breadcrumb","itemListElement":[{"@type":"ListItem","position":1,"name":"Accueil","item":"https:\/\/bertheas.com\/en\/"},{"@type":"ListItem","position":2,"name":"Proof of concept"}]},{"@type":"WebSite","@id":"https:\/\/bertheas.com\/#website","url":"https:\/\/bertheas.com\/","name":"Bertheas","description":"Fabricant de tissus \u00e9lastiques","publisher":{"@id":"https:\/\/bertheas.com\/#organization"},"alternateName":"Bertheas, Fabricant de tissus \u00e9lastiques","potentialAction":[{"@type":"SearchAction","target":{"@type":"EntryPoint","urlTemplate":"https:\/\/bertheas.com\/?s={search_term_string}"},"query-input":{"@type":"PropertyValueSpecification","valueRequired":true,"valueName":"search_term_string"}}],"inLanguage":"en-US"},{"@type":"Organization","@id":"https:\/\/bertheas.com\/#organization","name":"Berth\u00e9as","url":"https:\/\/bertheas.com\/","logo":{"@type":"ImageObject","inLanguage":"en-US","@id":"https:\/\/bertheas.com\/#\/schema\/logo\/image\/","url":"https:\/\/bertheas.com\/wp-content\/uploads\/2022\/06\/logo-bertheas.png","contentUrl":"https:\/\/bertheas.com\/wp-content\/uploads\/2022\/06\/logo-bertheas.png","width":175,"height":90,"caption":"Berth\u00e9as"},"image":{"@id":"https:\/\/bertheas.com\/#\/schema\/logo\/image\/"}}]}},"_links":{"self":[{"href":"https:\/\/bertheas.com\/en\/wp-json\/wp\/v2\/pages\/23393","targetHints":{"allow":["GET"]}}],"collection":[{"href":"https:\/\/bertheas.com\/en\/wp-json\/wp\/v2\/pages"}],"about":[{"href":"https:\/\/bertheas.com\/en\/wp-json\/wp\/v2\/types\/page"}],"author":[{"embeddable":true,"href":"https:\/\/bertheas.com\/en\/wp-json\/wp\/v2\/users\/2"}],"replies":[{"embeddable":true,"href":"https:\/\/bertheas.com\/en\/wp-json\/wp\/v2\/comments?post=23393"}],"version-history":[{"count":2,"href":"https:\/\/bertheas.com\/en\/wp-json\/wp\/v2\/pages\/23393\/revisions"}],"predecessor-version":[{"id":23398,"href":"https:\/\/bertheas.com\/en\/wp-json\/wp\/v2\/pages\/23393\/revisions\/23398"}],"wp:attachment":[{"href":"https:\/\/bertheas.com\/en\/wp-json\/wp\/v2\/media?parent=23393"}],"curies":[{"name":"wp","href":"https:\/\/api.w.org\/{rel}","templated":true}]}}